{"id":6478,"date":"2020-11-12T02:21:24","date_gmt":"2020-11-12T01:21:24","guid":{"rendered":"https:\/\/nordicbackdrop.weboglinjer.dk\/vare\/gestalten-sie-ihren-eigenen-backdrop\/"},"modified":"2024-01-31T09:45:07","modified_gmt":"2024-01-31T09:45:07","slug":"gestalten-sie-ihren-eigenen-backdrop","status":"publish","type":"product","link":"https:\/\/nordicbackdrop.com\/de\/vare\/gestalten-sie-ihren-eigenen-backdrop\/","title":{"rendered":"Gestalten Sie Ihren eigenen Backdrop"},"content":{"rendered":"<h2 style=\"text-align: center; text-transform: uppercase; font-size: 16px;\"><strong>Warum entscheiden Sie sich nicht daf\u00fcr, Ihr eigenes Design zu erstellen?<\/strong><\/h2>\n<p style=\"text-align: center; text-transform: uppercase;\">Wir k\u00f6nnen keinen Grund erkennen, warum Ihre Logofarbe oder Ihr Lieblingsbaum nicht auf Ihrem neuen backdrop sein sollte.<br \/>\nDeshalb haben wir es Ihnen leicht gemacht, immer genau das Design zu erhalten, das Sie sich w\u00fcnschen. auf deiner Backdrop.<\/p>\n<p>&nbsp;<\/p>\n<h2 style=\"text-align: center; text-transform: uppercase; font-size: 16px;\"><strong>MATERIALIEN<br \/>\n<\/strong><\/h2>\n<h3 style=\"text-align: center; text-transform: uppercase; font-size: 14px;\"><strong>POLYESTER<\/strong><\/h3>\n<p style=\"text-align: center;\">Unsere Polyester-Backdrops werden digital mit wasserbasierter Farbe auf starkem 220 g recyceltem Polyester gedruckt, das B1-Brandschutz und OEKO-TEX 100-Umweltzertifizierung hat \u2013 eine Zertifizierung, die strengere Anforderungen an den Gesundheitsaspekt stellt als die Gesetzgebung. Daher k\u00f6nnen Nordic Backdrops f\u00fcr alle Arten von Bildern verwendet werden \u2013 auch f\u00fcr Kinderbilder. Die Farben sind wasserbest\u00e4ndig, UV-best\u00e4ndig und sehr kr\u00e4ftig.<br \/>\nWir haben uns f\u00fcr den Druck auf ein so starkes Material entschieden, weil ein nordischer Hintergrund immer wieder verwendet werden kann. Deshalb k\u00f6nnen sie auch bei 30\u00b0C gewaschen und geb\u00fcgelt werden, sollte doch einmal etwas passieren.<br \/>\nDie Hintergr\u00fcnde werden gerollt auf dem Karton geliefert \u2013 und in den Gr\u00f6\u00dfen gr\u00f6\u00dfer als Small werden sie mit einem L\u00e4ufer an der Oberseite geliefert. Die Hintergr\u00fcnde sind absolut wasser- und kratzfest und k\u00f6nnen mit warmem Wasser abgewischt werden. Die Hintergr\u00fcnde k\u00f6nnen bei 30\u00b0C und ohne Verwendung von Weichsp\u00fcler in der Waschmaschine gewaschen werden.<br \/>\nDa sie auf einem flexiblen Material gedruckt sind, k\u00f6nnen sie knittern. Da die Hintergr\u00fcnde auf ein flexibles Material gedruckt werden, k\u00f6nnen sie zerknittern. Wenn Sie der Meinung sind, dass Ihr Hintergrund zu faltig geworden ist, k\u00f6nnen Sie ihn auf der R\u00fcckseite b\u00fcgeln.<\/p>\n<p>&nbsp;<\/p>\n<h3 style=\"text-align: center; text-transform: uppercase; font-size: 14px;\"><strong>REISSFESTES PAPIER<\/strong><\/h3>\n<p style=\"text-align: center;\">Ab sofort bieten wir auch rei\u00dffestes Papier an. Es ist aus umweltfreundlichem Polypropylen hergestellt. Unser rei\u00dffestes Papier gibt keine sch\u00e4dlichen Chemikalien ab, wird recycelt und hat einen sehr geringen \u00f6kologischen Fu\u00dfabdruck. Beim Verbrennen wird es zu 96 % zu Wasser.<\/p>\n<p>&nbsp;<\/p>\n<h2 style=\"text-align: center; text-transform: uppercase; font-size: 16px;\"><strong>MEHR INFO<\/strong><\/h2>\n<p style=\"text-align: center;\">Die Hintergr\u00fcnde werden gerollt auf dem Karton geliefert und in den Gr\u00f6\u00dfen \u201eS\u201c mit einer Kufe an der Oberseite. Die Hintergr\u00fcnde sind absolut wasser- und kratzfest und k\u00f6nnen mit warmem Wasser abgewischt werden. Die Hintergr\u00fcnde k\u00f6nnen bei 30\u00b0C und ohne Verwendung von Weichsp\u00fcler in der Waschmaschine gewaschen werden.<\/p>\n<p style=\"text-align: center;\">Da sie auf einem flexiblen Material gedruckt sind, k\u00f6nnen sie knittern. Da die Hintergr\u00fcnde auf ein flexibles Material gedruckt werden, k\u00f6nnen sie zerknittern. Wenn Sie der Meinung sind, dass Ihr Hintergrund zu faltig geworden ist, k\u00f6nnen Sie ihn auf der R\u00fcckseite b\u00fcgeln<\/p>\n<p style=\"text-align: center;\">Die Standardlieferzeit betr\u00e4gt 7\u20139 Werktage von der Bestellung bis zum Erhalt Ihrer Hintergr\u00fcnde.<br \/>\nDie Standardlieferzeit gilt f\u00fcr die Lieferung in alle EU-L\u00e4nder. Wenn Sie au\u00dferhalb der EU ans\u00e4ssig sind, m\u00fcssen Sie mit einer Lieferzeit von bis zu 15 Werktagen rechnen.<\/p>\n","protected":false},"excerpt":{"rendered":"<p style=\"text-align: center; text-transform: uppercase;\"><strong>Auf dieser Seite k\u00f6nnen Sie einen Fotohintergrund mit Ihrem eigenen Design hochladen<\/strong><br \/>\nGeben Sie unten die Breite und H\u00f6he des gew\u00fcnschten Formats ein<\/p>\n<p style=\"text-align: center; text-transform: uppercase;\">Das Mindestformat ist <strong>100cm x 100cm<\/strong><br \/>\nGr\u00f6\u00dftes Format ist <strong>300cm x 1000cm<\/strong><\/p>\n<p style=\"text-align: center; text-transform: uppercase;\">Die Druckdatei muss im PDF 100 dpi 1:1 angeliefert werden<br \/>\nDie Datei darf 100 MB nicht \u00fcberschreiten. Wenn die Datei gr\u00f6\u00dfer als 100 MB ist, senden Sie die Datei bitte \u00fcber WeTransfer an support@nordicbackdrop.com<\/p>\n<p style=\"text-align: center; text-transform: uppercase;\">Farbe: <strong>CMYK<\/strong><\/p>\n<p style=\"text-align: center; text-transform: uppercase;\">Der Hintergrund hat oben einen L\u00e4ufer und ist an den Seiten beschnitten<br \/>\nund unten. Wenn Sie eine andere Art des Endes w\u00fcnschen oder einfach nur Fragen haben, k\u00f6nnen Sie uns jederzeit unter support@nordicbackdrop.com kontaktieren<\/p>\n<p style=\"text-align: center; text-transform: uppercase;\">Der Preis erscheint, wenn Sie Breite x H\u00f6he eingegeben haben und versteht sich inkl. Gratisversand<\/p>\n","protected":false},"featured_media":8378,"template":"","meta":[],"product_brand":[],"product_cat":[490],"product_tag":[496,499,504,501,498,497,500,503,502,583],"class_list":{"0":"post-6478","1":"product","2":"type-product","3":"status-publish","4":"has-post-thumbnail","6":"product_cat-gestalten-sie-selbst-3","7":"product_tag-backdrop-de","8":"product_tag-foto-de","9":"product_tag-fotograf-de","10":"product_tag-fotohaendler","11":"product_tag-fotohintergrund-de","12":"product_tag-fotozubehoer","13":"product_tag-hintergrund-de","14":"product_tag-hobbyfoto-de","15":"product_tag-influencer-de","16":"product_tag-selbst-gestalten","17":"pa_bredde-m-0-1","18":"pa_bredde-m-0-5","19":"pa_bredde-m-0-53","20":"pa_bredde-m-0-6","21":"pa_bredde-m-0-85","22":"pa_bredde-m-0-9","23":"pa_bredde-m-1-de","24":"pa_bredde-m-1-2","25":"pa_bredde-m-1-4","26":"pa_bredde-m-1-5","27":"pa_bredde-m-1-6","28":"pa_bredde-m-1-7","29":"pa_bredde-m-1-75","30":"pa_bredde-m-10-de","31":"pa_bredde-m-11-de","32":"pa_bredde-m-13-de","33":"pa_bredde-m-18-de","34":"pa_bredde-m-19-de","35":"pa_bredde-m-2-de","36":"pa_bredde-m-2-1","37":"pa_bredde-m-2-2","38":"pa_bredde-m-2-25","39":"pa_bredde-m-2-3","40":"pa_bredde-m-2-4","41":"pa_bredde-m-2-45","42":"pa_bredde-m-2-5","43":"pa_bredde-m-2-65","44":"pa_bredde-m-2-7","45":"pa_bredde-m-2-72","46":"pa_bredde-m-2-75","47":"pa_bredde-m-2-8","48":"pa_bredde-m-2-9","49":"pa_bredde-m-20-de","50":"pa_bredde-m-3-de","51":"pa_bredde-m-3-1","52":"pa_bredde-m-3-5","53":"pa_bredde-m-3-7","54":"pa_bredde-m-4-de","55":"pa_bredde-m-4-2","56":"pa_bredde-m-4-5","57":"pa_bredde-m-4-8","58":"pa_bredde-m-5-de","59":"pa_bredde-m-6-de","60":"pa_bredde-m-7-de","61":"pa_bredde-m-8-de","62":"pa_hojde-m-0-1","63":"pa_hojde-m-0-36","64":"pa_hojde-m-0-5","65":"pa_hojde-m-0-6","66":"pa_hojde-m-0-7","67":"pa_hojde-m-0-82","68":"pa_hojde-m-1-de","69":"pa_hojde-m-1-2","70":"pa_hojde-m-1-3","71":"pa_hojde-m-1-4","72":"pa_hojde-m-1-5","73":"pa_hojde-m-1-6","74":"pa_hojde-m-1-7","75":"pa_hojde-m-1-8","76":"pa_hojde-m-1-9","77":"pa_hojde-m-2-de","78":"pa_hojde-m-2-1","79":"pa_hojde-m-2-15","80":"pa_hojde-m-2-2","81":"pa_hojde-m-2-25","82":"pa_hojde-m-2-3","83":"pa_hojde-m-2-4","84":"pa_hojde-m-2-45","85":"pa_hojde-m-2-5","86":"pa_hojde-m-2-6","87":"pa_hojde-m-2-65","88":"pa_hojde-m-2-7","89":"pa_hojde-m-2-72","90":"pa_hojde-m-2-8","91":"pa_hojde-m-3-de","93":"first","94":"instock","95":"taxable","96":"shipping-taxable","97":"purchasable","98":"product-type-simple","99":"add-to-wishlist-before_image"},"_links":{"self":[{"href":"https:\/\/nordicbackdrop.com\/de\/wp-json\/wp\/v2\/product\/6478","targetHints":{"allow":["GET"]}}],"collection":[{"href":"https:\/\/nordicbackdrop.com\/de\/wp-json\/wp\/v2\/product"}],"about":[{"href":"https:\/\/nordicbackdrop.com\/de\/wp-json\/wp\/v2\/types\/product"}],"version-history":[{"count":0,"href":"https:\/\/nordicbackdrop.com\/de\/wp-json\/wp\/v2\/product\/6478\/revisions"}],"wp:featuredmedia":[{"embeddable":true,"href":"https:\/\/nordicbackdrop.com\/de\/wp-json\/wp\/v2\/media\/8378"}],"wp:attachment":[{"href":"https:\/\/nordicbackdrop.com\/de\/wp-json\/wp\/v2\/media?parent=6478"}],"wp:term":[{"taxonomy":"product_brand","embeddable":true,"href":"https:\/\/nordicbackdrop.com\/de\/wp-json\/wp\/v2\/product_brand?post=6478"},{"taxonomy":"product_cat","embeddable":true,"href":"https:\/\/nordicbackdrop.com\/de\/wp-json\/wp\/v2\/product_cat?post=6478"},{"taxonomy":"product_tag","embeddable":true,"href":"https:\/\/nordicbackdrop.com\/de\/wp-json\/wp\/v2\/product_tag?post=6478"}],"curies":[{"name":"wp","href":"https:\/\/api.w.org\/{rel}","templated":true}]}}