{"id":8164,"date":"2023-05-01T10:21:35","date_gmt":"2023-05-01T10:21:35","guid":{"rendered":"https:\/\/nordicbackdrop.weboglinjer.dk\/datenschutz-bestimmungen\/"},"modified":"2024-01-31T10:43:21","modified_gmt":"2024-01-31T10:43:21","slug":"datenschutz-bestimmungen","status":"publish","type":"page","link":"https:\/\/nordicbackdrop.com\/de\/datenschutz-bestimmungen\/","title":{"rendered":"Datenschutz-Bestimmungen"},"content":{"rendered":"\t\t<div data-elementor-type=\"wp-page\" data-elementor-id=\"8164\" class=\"elementor elementor-8164 elementor-3\" data-elementor-post-type=\"page\">\n\t\t\t\t\t\t<section class=\"elementor-section elementor-top-section elementor-element elementor-element-1955d321 elementor-section-boxed elementor-section-height-default elementor-section-height-default\" data-id=\"1955d321\" data-element_type=\"section\">\n\t\t\t\t\t\t<div class=\"elementor-container elementor-column-gap-default\">\n\t\t\t\t\t<div class=\"elementor-column elementor-col-100 elementor-top-column elementor-element elementor-element-3ae6806e\" data-id=\"3ae6806e\" data-element_type=\"column\">\n\t\t\t<div class=\"elementor-widget-wrap elementor-element-populated\">\n\t\t\t\t\t\t<div class=\"elementor-element elementor-element-46f668b elementor-widget elementor-widget-heading\" data-id=\"46f668b\" data-element_type=\"widget\" data-widget_type=\"heading.default\">\n\t\t\t\t<div class=\"elementor-widget-container\">\n\t\t\t\t\t<h1 class=\"elementor-heading-title elementor-size-default\">Datenschutz-Bestimmungen<\/h1>\t\t\t\t<\/div>\n\t\t\t\t<\/div>\n\t\t\t\t<div class=\"elementor-element elementor-element-78a8dc4 elementor-widget elementor-widget-text-editor\" data-id=\"78a8dc4\" data-element_type=\"widget\" data-widget_type=\"text-editor.default\">\n\t\t\t\t<div class=\"elementor-widget-container\">\n\t\t\t\t\t\t\t\t\t<p>Wenn Sie sich auf nordicbackdrop.com bewegen, stimmen Sie unserer Datenschutzrichtlinie zu.<br \/>Dies gilt auch f\u00fcr die personenbezogenen Daten, die Sie beim Kauf angeben. <br \/>Wir empfehlen Ihnen daher, zu lesen, was Sie genehmigen.<\/p>\n\t\t\t\t\t\t\t\t<\/div>\n\t\t\t\t<\/div>\n\t\t\t\t<div class=\"elementor-element elementor-element-459071e elementor-widget elementor-widget-heading\" data-id=\"459071e\" data-element_type=\"widget\" data-widget_type=\"heading.default\">\n\t\t\t\t<div class=\"elementor-widget-container\">\n\t\t\t\t\t<h2 class=\"elementor-heading-title elementor-size-default\">Cookie- und Datenschutzrichtlinie f\u00fcr Eink\u00e4ufe auf nordicbackdrop.com\n<\/h2>\t\t\t\t<\/div>\n\t\t\t\t<\/div>\n\t\t\t\t<div class=\"elementor-element elementor-element-76d31c0 elementor-widget elementor-widget-heading\" data-id=\"76d31c0\" data-element_type=\"widget\" data-widget_type=\"heading.default\">\n\t\t\t\t<div class=\"elementor-widget-container\">\n\t\t\t\t\t<h3 class=\"elementor-heading-title elementor-size-default\">Einf\u00fchrung<\/h3>\t\t\t\t<\/div>\n\t\t\t\t<\/div>\n\t\t\t\t<div class=\"elementor-element elementor-element-f58b9b2 elementor-widget elementor-widget-text-editor\" data-id=\"f58b9b2\" data-element_type=\"widget\" data-widget_type=\"text-editor.default\">\n\t\t\t\t<div class=\"elementor-widget-container\">\n\t\t\t\t\t\t\t\t\t<p>Wenn Sie unsere Website besuchen, werden Informationen \u00fcber Sie gesammelt, die dazu verwendet werden, unsere Inhalte anzupassen und zu verbessern und den Wert der auf der Website angezeigten Werbung zu steigern. Wenn Sie nicht m\u00f6chten, dass Informationen gesammelt werden, sollten Sie Ihre Cookies l\u00f6schen (siehe Anleitung) und von einer weiteren Nutzung der Website absehen. Im Folgenden erl\u00e4utern wir, welche Informationen erfasst werden, zu welchem \u200b\u200bZweck und welche Dritten Zugriff darauf haben.<\/p>\n\t\t\t\t\t\t\t\t<\/div>\n\t\t\t\t<\/div>\n\t\t\t\t<div class=\"elementor-element elementor-element-29ce8f2 elementor-widget elementor-widget-heading\" data-id=\"29ce8f2\" data-element_type=\"widget\" data-widget_type=\"heading.default\">\n\t\t\t\t<div class=\"elementor-widget-container\">\n\t\t\t\t\t<h3 class=\"elementor-heading-title elementor-size-default\">cookies<\/h3>\t\t\t\t<\/div>\n\t\t\t\t<\/div>\n\t\t\t\t<div class=\"elementor-element elementor-element-32552e6 elementor-widget elementor-widget-text-editor\" data-id=\"32552e6\" data-element_type=\"widget\" data-widget_type=\"text-editor.default\">\n\t\t\t\t<div class=\"elementor-widget-container\">\n\t\t\t\t\t\t\t\t\t<p><span style=\"font-size: 14px; color: var( --e-global-color-text ); letter-spacing: var( --e-global-typography-text-letter-spacing );\">Die Website verwendet \u201eCookies\u201c, das sind Textdateien, die auf Ihrem Computer, Mobiltelefon usw. gespeichert werden. entsprechend zum Zwecke der Wiedererkennung, Speicherung von Einstellungen, Durchf\u00fchrung von Statistiken und gezielter Werbung. Cookies d\u00fcrfen keinen sch\u00e4dlichen Code enthalten, z Virus.<\/span><\/p>\n<p>Es ist m\u00f6glich, Cookies zu l\u00f6schen oder zu blockieren. Siehe Anleitung: http:\/\/minecookies.org\/cookiehandtering<\/p>\n<p>Wenn Sie Cookies l\u00f6schen oder blockieren, kann es sein, dass Werbung f\u00fcr Sie weniger relevant wird und h\u00e4ufiger erscheint. Es besteht auch das Risiko, dass die Website nicht optimal funktioniert und Inhalte vorhanden sind, auf die Sie nicht zugreifen k\u00f6nnen.<\/p>\t\t\t\t\t\t\t\t<\/div>\n\t\t\t\t<\/div>\n\t\t\t\t<div class=\"elementor-element elementor-element-6b4b4ce elementor-widget elementor-widget-heading\" data-id=\"6b4b4ce\" data-element_type=\"widget\" data-widget_type=\"heading.default\">\n\t\t\t\t<div class=\"elementor-widget-container\">\n\t\t\t\t\t<h3 class=\"elementor-heading-title elementor-size-default\">pers\u00f6nliche Daten<\/h3>\t\t\t\t<\/div>\n\t\t\t\t<\/div>\n\t\t\t\t<div class=\"elementor-element elementor-element-4f29b86 elementor-widget elementor-widget-heading\" data-id=\"4f29b86\" data-element_type=\"widget\" data-widget_type=\"heading.default\">\n\t\t\t\t<div class=\"elementor-widget-container\">\n\t\t\t\t\t<h4 class=\"elementor-heading-title elementor-size-default\">Im Algemeinen<\/h4>\t\t\t\t<\/div>\n\t\t\t\t<\/div>\n\t\t\t\t<div class=\"elementor-element elementor-element-b1d9bd3 elementor-widget elementor-widget-text-editor\" data-id=\"b1d9bd3\" data-element_type=\"widget\" data-widget_type=\"text-editor.default\">\n\t\t\t\t<div class=\"elementor-widget-container\">\n\t\t\t\t\t\t\t\t\t<p><span style=\"font-size: 14px; color: var( --e-global-color-text ); letter-spacing: var( --e-global-typography-text-letter-spacing );\">Personenbezogene Daten sind alle Arten von Informationen, die in gewissem Ma\u00dfe Ihnen zugeordnet werden k\u00f6nnen. Wenn Sie unsere Website nutzen, erheben und verarbeiten wir eine Reihe solcher Informationen. Dies geschieht z.B. von General Zugriff auf Inhalte, wenn Sie sich f\u00fcr unseren Newsletter anmelden, an Wettbewerben oder Umfragen teilnehmen, sich als Benutzer oder Abonnent registrieren, anderweitig Dienste nutzen oder Eink\u00e4ufe \u00fcber die Website t\u00e4tigen.<\/span><\/p>\n<p>Wir erfassen und verarbeiten in der Regel die folgenden Arten von Informationen: Eine eindeutige ID und technische Informationen zu Ihrem Computer, Tablet oder Mobiltelefon, Ihre IP-Nummer, Ihren geografischen Standort und die Seiten, auf die Sie klicken (Interessen). Sofern Sie hierzu Ihre ausdr\u00fcckliche Einwilligung erteilen und die Daten selbst eingeben, werden au\u00dferdem folgende Daten verarbeitet: Name, Telefonnummer, E-Mail, Adresse und Zahlungsinformationen. Dies geschieht typischerweise im Zusammenhang mit der Erstellung eines Logins oder beim T\u00e4tigen eines Kaufs.<\/p>\t\t\t\t\t\t\t\t<\/div>\n\t\t\t\t<\/div>\n\t\t\t\t<div class=\"elementor-element elementor-element-dbf4946 elementor-widget elementor-widget-heading\" data-id=\"dbf4946\" data-element_type=\"widget\" data-widget_type=\"heading.default\">\n\t\t\t\t<div class=\"elementor-widget-container\">\n\t\t\t\t\t<h4 class=\"elementor-heading-title elementor-size-default\">Sicherheit<\/h4>\t\t\t\t<\/div>\n\t\t\t\t<\/div>\n\t\t\t\t<div class=\"elementor-element elementor-element-c8ecc8f elementor-widget elementor-widget-text-editor\" data-id=\"c8ecc8f\" data-element_type=\"widget\" data-widget_type=\"text-editor.default\">\n\t\t\t\t<div class=\"elementor-widget-container\">\n\t\t\t\t\t\t\t\t\t<p><span style=\"font-size: 14px; color: var( --e-global-color-text ); letter-spacing: var( --e-global-typography-text-letter-spacing );\">Wir verarbeiten Ihre personenbezogenen Daten sicher und vertraulich in \u00dcbereinstimmung mit den geltenden Gesetzen, einschlie\u00dflich der Verordnung \u00fcber personenbezogene Daten und dem Datenschutzgesetz.<\/span><\/p>\n<p>Ihre Daten werden nur f\u00fcr den Zweck verwendet, f\u00fcr den sie erhoben wurden, und werden gel\u00f6scht, wenn dieser Zweck erf\u00fcllt ist oder nicht mehr relevant ist.<br>Wir haben technische und organisatorische Ma\u00dfnahmen ergriffen, um zu verhindern, dass Ihre Daten versehentlich oder unrechtm\u00e4\u00dfig gel\u00f6scht, ver\u00f6ffentlicht, verloren gehen, beeintr\u00e4chtigt werden oder an Unbefugte gelangen, missbraucht oder auf andere Weise rechtswidrig verarbeitet werden.<\/p>\t\t\t\t\t\t\t\t<\/div>\n\t\t\t\t<\/div>\n\t\t\t\t<div class=\"elementor-element elementor-element-95e63d1 elementor-widget elementor-widget-heading\" data-id=\"95e63d1\" data-element_type=\"widget\" data-widget_type=\"heading.default\">\n\t\t\t\t<div class=\"elementor-widget-container\">\n\t\t\t\t\t<h4 class=\"elementor-heading-title elementor-size-default\">Zweck<\/h4>\t\t\t\t<\/div>\n\t\t\t\t<\/div>\n\t\t\t\t<div class=\"elementor-element elementor-element-4524155 elementor-widget elementor-widget-text-editor\" data-id=\"4524155\" data-element_type=\"widget\" data-widget_type=\"text-editor.default\">\n\t\t\t\t<div class=\"elementor-widget-container\">\n\t\t\t\t\t\t\t\t\t<p><span style=\"font-size: 14px; color: var( --e-global-color-text ); letter-spacing: var( --e-global-typography-text-letter-spacing );\">Die Informationen werden verwendet, um Sie als Nutzer zu identifizieren und Ihnen die Anzeigen anzuzeigen, die f\u00fcr Sie am wahrscheinlichsten relevant sind, um Ihre Eink\u00e4ufe und Zahlungen zu registrieren und um die von Ihnen angeforderten Dienste, wie z. B. um einen Newsletter zu senden. Dar\u00fcber hinaus nutzen wir die Informationen, um unsere Dienste und Inhalte zu optimieren.<\/span><\/p>\n\t\t\t\t\t\t\t\t<\/div>\n\t\t\t\t<\/div>\n\t\t\t\t<div class=\"elementor-element elementor-element-136897a elementor-widget elementor-widget-heading\" data-id=\"136897a\" data-element_type=\"widget\" data-widget_type=\"heading.default\">\n\t\t\t\t<div class=\"elementor-widget-container\">\n\t\t\t\t\t<h4 class=\"elementor-heading-title elementor-size-default\">Dauer der Lagerung<\/h4>\t\t\t\t<\/div>\n\t\t\t\t<\/div>\n\t\t\t\t<div class=\"elementor-element elementor-element-d3194db elementor-widget elementor-widget-text-editor\" data-id=\"d3194db\" data-element_type=\"widget\" data-widget_type=\"text-editor.default\">\n\t\t\t\t<div class=\"elementor-widget-container\">\n\t\t\t\t\t\t\t\t\t<p><span style=\"font-size: 14px; color: var( --e-global-color-text ); letter-spacing: var( --e-global-typography-text-letter-spacing );\">Die Informationen werden f\u00fcr den gesetzlich zul\u00e4ssigen Zeitraum aufbewahrt und wir l\u00f6schen sie, wenn sie nicht mehr erforderlich sind. Der Zeitraum h\u00e4ngt von der Art der Informationen und dem Hintergrund f\u00fcr die Speicherung ab. Es ist daher nicht m\u00f6glich, einen generellen Zeitraum f\u00fcr die L\u00f6schung von Informationen festzulegen.<\/span><\/p>\n\t\t\t\t\t\t\t\t<\/div>\n\t\t\t\t<\/div>\n\t\t\t\t<div class=\"elementor-element elementor-element-a8e6cc8 elementor-widget elementor-widget-heading\" data-id=\"a8e6cc8\" data-element_type=\"widget\" data-widget_type=\"heading.default\">\n\t\t\t\t<div class=\"elementor-widget-container\">\n\t\t\t\t\t<h4 class=\"elementor-heading-title elementor-size-default\">Offenlegung von Informationen<\/h4>\t\t\t\t<\/div>\n\t\t\t\t<\/div>\n\t\t\t\t<div class=\"elementor-element elementor-element-6b39247 elementor-widget elementor-widget-text-editor\" data-id=\"6b39247\" data-element_type=\"widget\" data-widget_type=\"text-editor.default\">\n\t\t\t\t<div class=\"elementor-widget-container\">\n\t\t\t\t\t\t\t\t\t<p><span style=\"font-size: 14px; color: var( --e-global-color-text ); letter-spacing: var( --e-global-typography-text-letter-spacing );\">Daten \u00fcber Ihre Nutzung der Website, welche Werbung Sie erhalten und ggf Klicks auf, geografischer Standort, Geschlecht und Alterssegment usw. soweit diese Informationen bekannt sind, an Dritte weitergegeben. Welche Drittanbieter beteiligt sind, k\u00f6nnen Sie dem Abschnitt \u201eCookies\u201c oben entnehmen. Die Informationen werden f\u00fcr die gezielte Werbung verwendet.<\/span><\/p>\n<p>Wir nutzen auch eine Reihe von Drittanbietern zur Speicherung und Verarbeitung von Daten. Diese verarbeiten Informationen ausschlie\u00dflich in unserem Auftrag und d\u00fcrfen diese nicht f\u00fcr eigene Zwecke nutzen.<\/p>\n<p>Weitergabe personenbezogener Daten wie Name und E-Mail etc. geschieht nur, wenn Sie damit einverstanden sind. Wir setzen ausschlie\u00dflich Auftragsverarbeiter in der EU oder in L\u00e4ndern ein, die Ihren Daten einen ausreichenden Schutz bieten k\u00f6nnen.<\/p>\t\t\t\t\t\t\t\t<\/div>\n\t\t\t\t<\/div>\n\t\t\t\t<div class=\"elementor-element elementor-element-ff1a92a elementor-widget elementor-widget-heading\" data-id=\"ff1a92a\" data-element_type=\"widget\" data-widget_type=\"heading.default\">\n\t\t\t\t<div class=\"elementor-widget-container\">\n\t\t\t\t\t<h4 class=\"elementor-heading-title elementor-size-default\">Einsichten und Beschwerden<\/h4>\t\t\t\t<\/div>\n\t\t\t\t<\/div>\n\t\t\t\t<div class=\"elementor-element elementor-element-3ef46fb elementor-widget elementor-widget-text-editor\" data-id=\"3ef46fb\" data-element_type=\"widget\" data-widget_type=\"text-editor.default\">\n\t\t\t\t<div class=\"elementor-widget-container\">\n\t\t\t\t\t\t\t\t\t<p><span style=\"font-size: 14px; color: var( --e-global-color-text ); letter-spacing: var( --e-global-typography-text-letter-spacing );\">Sie haben das Recht, in einem g\u00e4ngigen Format Auskunft dar\u00fcber zu erhalten, welche personenbezogenen Daten wir \u00fcber Sie verarbeiten (Datenportabilit\u00e4t). Sie k\u00f6nnen der Nutzung der Informationen auch jederzeit widersprechen. Sie k\u00f6nnen Ihre Einwilligung zur Verarbeitung Ihrer personenbezogenen Daten auch widerrufen. Sollten die \u00fcber Sie verarbeiteten Daten unrichtig sein, haben Sie das Recht, diese berichtigen oder l\u00f6schen zu lassen. Anfragen hierzu k\u00f6nnen an support@nordicbackdrop.dk gerichtet werden. Wenn Sie sich \u00fcber die Verarbeitung Ihrer personenbezogenen Daten durch uns beschweren m\u00f6chten, haben Sie auch die M\u00f6glichkeit, sich an die d\u00e4nische Datenschutzbeh\u00f6rde zu wenden.<\/span><\/p>\n<p>Wenn Sie nicht m\u00f6chten, dass wir Ihre personenbezogenen Daten weiter verarbeiten oder die Verarbeitung Ihrer personenbezogenen Daten einschr\u00e4nken, k\u00f6nnen Sie uns auch eine entsprechende Anfrage an die oben genannte E-Mail-Adresse senden.<\/p>\t\t\t\t\t\t\t\t<\/div>\n\t\t\t\t<\/div>\n\t\t\t\t<div class=\"elementor-element elementor-element-6fbd146 elementor-widget elementor-widget-heading\" data-id=\"6fbd146\" data-element_type=\"widget\" data-widget_type=\"heading.default\">\n\t\t\t\t<div class=\"elementor-widget-container\">\n\t\t\t\t\t<h4 class=\"elementor-heading-title elementor-size-default\">Herausgeber<\/h4>\t\t\t\t<\/div>\n\t\t\t\t<\/div>\n\t\t\t\t<div class=\"elementor-element elementor-element-dd7219c elementor-widget elementor-widget-text-editor\" data-id=\"dd7219c\" data-element_type=\"widget\" data-widget_type=\"text-editor.default\">\n\t\t\t\t<div class=\"elementor-widget-container\">\n\t\t\t\t\t\t\t\t\t<p><span style=\"font-size: 14px; color: var( --e-global-color-text ); letter-spacing: var( --e-global-typography-text-letter-spacing );\">Die Website ist Eigentum und wird ver\u00f6ffentlicht von:<\/span><\/p>\n<p>Nordic Backdrop ApS<br>Danmarksgade 25<br>6700 Esbjerg <br>Telefon: +45 88442214<br>E-Mail: support@nordicbackdrop.com<\/p>\t\t\t\t\t\t\t\t<\/div>\n\t\t\t\t<\/div>\n\t\t\t\t\t<\/div>\n\t\t<\/div>\n\t\t\t\t\t<\/div>\n\t\t<\/section>\n\t\t\t\t<\/div>\n\t\t","protected":false},"excerpt":{"rendered":"<p>Datenschutz-Bestimmungen Wenn Sie sich auf nordicbackdrop.com bewegen, stimmen Sie unserer Datenschutzrichtlinie zu.Dies gilt auch f\u00fcr die personenbezogenen Daten, die Sie beim Kauf angeben. Wir empfehlen Ihnen daher, zu lesen, was Sie genehmigen. Cookie- und Datenschutzrichtlinie f\u00fcr Eink\u00e4ufe auf nordicbackdrop.com Einf\u00fchrung Wenn Sie unsere Website besuchen, werden Informationen \u00fcber Sie gesammelt, die dazu verwendet werden, unsere [&hellip;]<\/p>\n","protected":false},"author":1,"featured_media":0,"parent":0,"menu_order":0,"comment_status":"closed","ping_status":"open","template":"","meta":{"footnotes":""},"class_list":["post-8164","page","type-page","status-publish","hentry"],"_links":{"self":[{"href":"https:\/\/nordicbackdrop.com\/de\/wp-json\/wp\/v2\/pages\/8164","targetHints":{"allow":["GET"]}}],"collection":[{"href":"https:\/\/nordicbackdrop.com\/de\/wp-json\/wp\/v2\/pages"}],"about":[{"href":"https:\/\/nordicbackdrop.com\/de\/wp-json\/wp\/v2\/types\/page"}],"author":[{"embeddable":true,"href":"https:\/\/nordicbackdrop.com\/de\/wp-json\/wp\/v2\/users\/1"}],"replies":[{"embeddable":true,"href":"https:\/\/nordicbackdrop.com\/de\/wp-json\/wp\/v2\/comments?post=8164"}],"version-history":[{"count":0,"href":"https:\/\/nordicbackdrop.com\/de\/wp-json\/wp\/v2\/pages\/8164\/revisions"}],"wp:attachment":[{"href":"https:\/\/nordicbackdrop.com\/de\/wp-json\/wp\/v2\/media?parent=8164"}],"curies":[{"name":"wp","href":"https:\/\/api.w.org\/{rel}","templated":true}]}}