{"id":6473,"date":"2024-01-25T14:47:39","date_gmt":"2024-01-25T13:47:39","guid":{"rendered":"https:\/\/nordicbackdrop.weboglinjer.dk\/recycelt-nachhaltige-fotohintergruende-von-nordic-backdrop\/"},"modified":"2024-12-10T13:09:33","modified_gmt":"2024-12-10T12:09:33","slug":"recycelt-nachhaltige-fotohintergruende-von-nordic-backdrop","status":"publish","type":"page","link":"https:\/\/nordicbackdrop.com\/de\/recycelt-nachhaltige-fotohintergruende-von-nordic-backdrop\/","title":{"rendered":"Recycelt \u2013 Nachhaltige Fotohintergr\u00fcnde von Nordic Backdrop"},"content":{"rendered":"\t\t<div data-elementor-type=\"wp-page\" data-elementor-id=\"6473\" class=\"elementor elementor-6473 elementor-6339\" data-elementor-post-type=\"page\">\n\t\t\t\t<div class=\"elementor-element elementor-element-7d8d53c e-flex e-con-boxed e-con e-parent\" data-id=\"7d8d53c\" data-element_type=\"container\">\n\t\t\t\t\t<div class=\"e-con-inner\">\n\t\t\t\t<div class=\"elementor-element elementor-element-9e3a56d elementor-widget__width-initial elementor-widget elementor-widget-heading\" data-id=\"9e3a56d\" data-element_type=\"widget\" data-widget_type=\"heading.default\">\n\t\t\t\t<div class=\"elementor-widget-container\">\n\t\t\t\t\t<h1 class=\"elementor-heading-title elementor-size-default\">RECYCELT. WEIL WIR UNSEREN PLANETEN LIEBEN UND WEIL ... WARUM NICHT?<\/h1>\t\t\t\t<\/div>\n\t\t\t\t<\/div>\n\t\t\t\t<div class=\"elementor-element elementor-element-bd2a017 elementor-widget elementor-widget-text-editor\" data-id=\"bd2a017\" data-element_type=\"widget\" data-widget_type=\"text-editor.default\">\n\t\t\t\t<div class=\"elementor-widget-container\">\n\t\t\t\t\t\t\t\t\t<p>Bei unserer Suche nach den richtigen Materialien f\u00fcr die Herstellung nachhaltiger Fotohintergr\u00fcnde von Nordic Backdrop stand Nachhaltigkeit im Mittelpunkt.<br \/>Unsere Hintergr\u00fcnde mussten von h\u00f6chster Qualit\u00e4t und aus nachhaltigen Materialien sein.<br \/>Unsere Suche hat Fr\u00fcchte getragen und heute bieten wir zwei verschiedene Materialien an: recyceltes Polyester und Polypropylen.<\/p>\n\t\t\t\t\t\t\t\t<\/div>\n\t\t\t\t<\/div>\n\t\t\t\t\t<\/div>\n\t\t\t\t<\/div>\n\t\t<div class=\"elementor-element elementor-element-9a10532 e-flex e-con-boxed e-con e-parent\" data-id=\"9a10532\" data-element_type=\"container\">\n\t\t\t\t\t<div class=\"e-con-inner\">\n\t\t<div class=\"elementor-element elementor-element-afbc005 e-con-full e-flex e-con e-child\" data-id=\"afbc005\" data-element_type=\"container\">\n\t\t\t\t<div class=\"elementor-element elementor-element-2eb7f29 elementor-widget elementor-widget-image\" data-id=\"2eb7f29\" data-element_type=\"widget\" data-widget_type=\"image.default\">\n\t\t\t\t<div class=\"elementor-widget-container\">\n\t\t\t\t\t\t\t\t\t\t\t\t\t\t\t<img decoding=\"async\" width=\"400\" height=\"400\" src=\"https:\/\/nordicbackdrop.com\/wp-content\/uploads\/2024\/01\/Recycled1.png\" class=\"attachment-large size-large wp-image-6342\" alt=\"\" srcset=\"https:\/\/nordicbackdrop.com\/wp-content\/uploads\/2024\/01\/Recycled1.png 400w, https:\/\/nordicbackdrop.com\/wp-content\/uploads\/2024\/01\/Recycled1-100x100.png 100w, https:\/\/nordicbackdrop.com\/wp-content\/uploads\/2024\/01\/Recycled1-300x300.png 300w, https:\/\/nordicbackdrop.com\/wp-content\/uploads\/2024\/01\/Recycled1-150x150.png 150w\" sizes=\"(max-width: 400px) 100vw, 400px\" \/>\t\t\t\t\t\t\t\t\t\t\t\t\t\t\t<\/div>\n\t\t\t\t<\/div>\n\t\t\t\t<\/div>\n\t\t<div class=\"elementor-element elementor-element-cfa3a7f e-con-full e-flex e-con e-child\" data-id=\"cfa3a7f\" data-element_type=\"container\">\n\t\t\t\t<div class=\"elementor-element elementor-element-ddede76 elementor-widget elementor-widget-text-editor\" data-id=\"ddede76\" data-element_type=\"widget\" data-widget_type=\"text-editor.default\">\n\t\t\t\t<div class=\"elementor-widget-container\">\n\t\t\t\t\t\t\t\t\t<p><strong>OEKO-TEX erm\u00f6glicht es Ihnen, sich um die Umwelt zu k\u00fcmmern.&nbsp;<\/strong><\/p>\n<p>OEKO-TEX 100 Umweltzertifiziert \u2013 eine Zertifizierung, die strengere Anforderungen an Textilien mit dem \u00d6ko-Tex 100-Siegel stellt, da sie neben der Gesetzgebung auch Gesundheitsaspekte ber\u00fccksichtigt. Daher k\u00f6nnen Nordic Backdrops f\u00fcr alle Arten von Bildern verwendet werden, auch f\u00fcr Kinderbilder.<\/p>\t\t\t\t\t\t\t\t<\/div>\n\t\t\t\t<\/div>\n\t\t\t\t<\/div>\n\t\t<div class=\"elementor-element elementor-element-ad87812 e-con-full e-flex e-con e-child\" data-id=\"ad87812\" data-element_type=\"container\">\n\t\t\t\t<div class=\"elementor-element elementor-element-6652e4e elementor-widget elementor-widget-image\" data-id=\"6652e4e\" data-element_type=\"widget\" data-widget_type=\"image.default\">\n\t\t\t\t<div class=\"elementor-widget-container\">\n\t\t\t\t\t\t\t\t\t\t\t\t\t\t\t<img decoding=\"async\" width=\"400\" height=\"400\" src=\"https:\/\/nordicbackdrop.com\/wp-content\/uploads\/2024\/01\/Recycled2.png\" class=\"attachment-large size-large wp-image-6345\" alt=\"\" srcset=\"https:\/\/nordicbackdrop.com\/wp-content\/uploads\/2024\/01\/Recycled2.png 400w, https:\/\/nordicbackdrop.com\/wp-content\/uploads\/2024\/01\/Recycled2-100x100.png 100w, https:\/\/nordicbackdrop.com\/wp-content\/uploads\/2024\/01\/Recycled2-300x300.png 300w, https:\/\/nordicbackdrop.com\/wp-content\/uploads\/2024\/01\/Recycled2-150x150.png 150w\" sizes=\"(max-width: 400px) 100vw, 400px\" \/>\t\t\t\t\t\t\t\t\t\t\t\t\t\t\t<\/div>\n\t\t\t\t<\/div>\n\t\t\t\t<\/div>\n\t\t<div class=\"elementor-element elementor-element-131d506 e-con-full e-flex e-con e-child\" data-id=\"131d506\" data-element_type=\"container\">\n\t\t\t\t<div class=\"elementor-element elementor-element-83477fb elementor-widget elementor-widget-text-editor\" data-id=\"83477fb\" data-element_type=\"widget\" data-widget_type=\"text-editor.default\">\n\t\t\t\t<div class=\"elementor-widget-container\">\n\t\t\t\t\t\t\t\t\t<p><strong>Die Farben sind wasserbest\u00e4ndig, UV-best\u00e4ndig und sehr kr\u00e4ftig.<\/strong><\/p>\n<p>Wir haben uns f\u00fcr den Druck auf ein so starkes Material entschieden, weil ein nordischer Hintergrund immer wieder verwendet werden kann. Daher k\u00f6nnen sie auch bei 30\u00b0C gewaschen und geb\u00fcgelt oder ged\u00e4mpft werden.<\/p>\n<p>Ein kleiner Trick besteht darin, die Kulisse gerade aufzuh\u00e4ngen, damit sie nach dem Waschen kaum knittert.<\/p>\n\t\t\t\t\t\t\t\t<\/div>\n\t\t\t\t<\/div>\n\t\t\t\t<\/div>\n\t\t\t\t\t<\/div>\n\t\t\t\t<\/div>\n\t\t<div class=\"elementor-element elementor-element-dc7ea37 e-con-full e-flex e-con e-parent\" data-id=\"dc7ea37\" data-element_type=\"container\">\n\t\t\t\t<div class=\"elementor-element elementor-element-6297320 elementor-widget__width-inherit elementor-widget elementor-widget-image-gallery\" data-id=\"6297320\" data-element_type=\"widget\" data-widget_type=\"image-gallery.default\">\n\t\t\t\t<div class=\"elementor-widget-container\">\n\t\t\t\t\t\t\t<div class=\"elementor-image-gallery\">\n\t\t\t<div id='gallery-1' class='gallery galleryid-6473 gallery-columns-4 gallery-size-large'><figure class='gallery-item'>\n\t\t\t<div class='gallery-icon landscape'>\n\t\t\t\t<img decoding=\"async\" width=\"480\" height=\"480\" src=\"https:\/\/nordicbackdrop.com\/wp-content\/uploads\/2024\/01\/Path-66.png\" class=\"attachment-large size-large\" alt=\"\" srcset=\"https:\/\/nordicbackdrop.com\/wp-content\/uploads\/2024\/01\/Path-66.png 480w, https:\/\/nordicbackdrop.com\/wp-content\/uploads\/2024\/01\/Path-66-400x400.png 400w, https:\/\/nordicbackdrop.com\/wp-content\/uploads\/2024\/01\/Path-66-100x100.png 100w, https:\/\/nordicbackdrop.com\/wp-content\/uploads\/2024\/01\/Path-66-300x300.png 300w, https:\/\/nordicbackdrop.com\/wp-content\/uploads\/2024\/01\/Path-66-150x150.png 150w\" sizes=\"(max-width: 480px) 100vw, 480px\" \/>\n\t\t\t<\/div><\/figure><figure class='gallery-item'>\n\t\t\t<div class='gallery-icon landscape'>\n\t\t\t\t<img decoding=\"async\" width=\"480\" height=\"480\" src=\"https:\/\/nordicbackdrop.com\/wp-content\/uploads\/2024\/01\/Path-67.png\" class=\"attachment-large size-large\" alt=\"\" srcset=\"https:\/\/nordicbackdrop.com\/wp-content\/uploads\/2024\/01\/Path-67.png 480w, https:\/\/nordicbackdrop.com\/wp-content\/uploads\/2024\/01\/Path-67-400x400.png 400w, https:\/\/nordicbackdrop.com\/wp-content\/uploads\/2024\/01\/Path-67-100x100.png 100w, https:\/\/nordicbackdrop.com\/wp-content\/uploads\/2024\/01\/Path-67-300x300.png 300w, https:\/\/nordicbackdrop.com\/wp-content\/uploads\/2024\/01\/Path-67-150x150.png 150w\" sizes=\"(max-width: 480px) 100vw, 480px\" \/>\n\t\t\t<\/div><\/figure><figure class='gallery-item'>\n\t\t\t<div class='gallery-icon landscape'>\n\t\t\t\t<img decoding=\"async\" width=\"480\" height=\"480\" src=\"https:\/\/nordicbackdrop.com\/wp-content\/uploads\/2024\/01\/Path-68.png\" class=\"attachment-large size-large\" alt=\"\" srcset=\"https:\/\/nordicbackdrop.com\/wp-content\/uploads\/2024\/01\/Path-68.png 480w, https:\/\/nordicbackdrop.com\/wp-content\/uploads\/2024\/01\/Path-68-400x400.png 400w, https:\/\/nordicbackdrop.com\/wp-content\/uploads\/2024\/01\/Path-68-100x100.png 100w, https:\/\/nordicbackdrop.com\/wp-content\/uploads\/2024\/01\/Path-68-300x300.png 300w, https:\/\/nordicbackdrop.com\/wp-content\/uploads\/2024\/01\/Path-68-150x150.png 150w\" sizes=\"(max-width: 480px) 100vw, 480px\" \/>\n\t\t\t<\/div><\/figure><figure class='gallery-item'>\n\t\t\t<div class='gallery-icon landscape'>\n\t\t\t\t<img decoding=\"async\" width=\"480\" height=\"480\" src=\"https:\/\/nordicbackdrop.com\/wp-content\/uploads\/2024\/01\/Path-69.png\" class=\"attachment-large size-large\" alt=\"\" srcset=\"https:\/\/nordicbackdrop.com\/wp-content\/uploads\/2024\/01\/Path-69.png 480w, https:\/\/nordicbackdrop.com\/wp-content\/uploads\/2024\/01\/Path-69-400x400.png 400w, https:\/\/nordicbackdrop.com\/wp-content\/uploads\/2024\/01\/Path-69-100x100.png 100w, https:\/\/nordicbackdrop.com\/wp-content\/uploads\/2024\/01\/Path-69-300x300.png 300w, https:\/\/nordicbackdrop.com\/wp-content\/uploads\/2024\/01\/Path-69-150x150.png 150w\" sizes=\"(max-width: 480px) 100vw, 480px\" \/>\n\t\t\t<\/div><\/figure>\n\t\t<\/div>\n\t\t<\/div>\n\t\t\t\t\t\t<\/div>\n\t\t\t\t<\/div>\n\t\t\t\t<\/div>\n\t\t<div class=\"elementor-element elementor-element-ce7ac80 e-flex e-con-boxed e-con e-parent\" data-id=\"ce7ac80\" data-element_type=\"container\" data-settings=\"{&quot;background_background&quot;:&quot;classic&quot;}\">\n\t\t\t\t\t<div class=\"e-con-inner\">\n\t\t<div class=\"elementor-element elementor-element-4fc9365 e-con-full e-flex e-con e-child\" data-id=\"4fc9365\" data-element_type=\"container\">\n\t\t\t\t<div class=\"elementor-element elementor-element-aec59ec elementor-widget elementor-widget-text-editor\" data-id=\"aec59ec\" data-element_type=\"widget\" data-widget_type=\"text-editor.default\">\n\t\t\t\t<div class=\"elementor-widget-container\">\n\t\t\t\t\t\t\t\t\t<p><strong>Neu: Rei\u00dffestes Papier<\/strong><\/p>\n<p>Unser neues Produkt ist f\u00fcr die Makrofotografie konzipiert und l\u00e4sst sich leicht abwischen, wenn beispielsweise beim Fotografieren Essen versch\u00fcttet wird.<\/p>\n<p>Da es aus Papier besteht, l\u00e4sst es sich leicht biegen, so dass eine sorgf\u00e4ltige Handhabung erforderlich ist, aber man lernt die Technik schnell.<\/p>\n<p>Das Produkt wurde ausgew\u00e4hlt, weil es perfekt zu unserem umweltorientierten Ansatz passt. Wir m\u00f6chten, dass es l\u00e4nger h\u00e4lt als normales Papier, da es widerstandsf\u00e4higer gegen Schmutz und Sch\u00e4den durch versch\u00fcttete Fl\u00fcssigkeiten ist.<\/p>\n<p><em><strong>Unser umweltfreundliches, rei\u00dffestes Polypropylenpapier gibt keine sch\u00e4dlichen Chemikalien ab, ist recycelbar und hat einen minimalen \u00f6kologischen Fu\u00dfabdruck. Beim Verbrennen verwandelt es sich zu 96 % in Wasser, was seine Nachhaltigkeit noch weiter unterstreicht.<\/strong><\/em><\/p>\n\t\t\t\t\t\t\t\t<\/div>\n\t\t\t\t<\/div>\n\t\t\t\t<\/div>\n\t\t<div class=\"elementor-element elementor-element-08034cf e-con-full e-flex e-con e-child\" data-id=\"08034cf\" data-element_type=\"container\">\n\t\t\t\t<div class=\"elementor-element elementor-element-0604269 elementor-widget elementor-widget-text-editor\" data-id=\"0604269\" data-element_type=\"widget\" data-widget_type=\"text-editor.default\">\n\t\t\t\t<div class=\"elementor-widget-container\">\n\t\t\t\t\t\t\t\t\t<p><strong>Der Hauptzweck besteht darin, Hintergr\u00fcnde zu erstellen, die immer wieder verwendet werden k\u00f6nnen.<\/strong><\/p>\n<p>Unsere beiden Produkte werden sorgf\u00e4ltig mit dem Ziel ausgew\u00e4hlt, wiederverwendbar zu sein. Insbesondere unsere Stoffhintergr\u00fcnde haben eine sehr lange Lebensdauer, um nicht zu sagen ewig, aber nahe daran.<\/p>\n\t\t\t\t\t\t\t\t<\/div>\n\t\t\t\t<\/div>\n\t\t\t\t<\/div>\n\t\t<div class=\"elementor-element elementor-element-5f4bbe3 e-con-full e-flex e-con e-child\" data-id=\"5f4bbe3\" data-element_type=\"container\">\n\t\t\t\t<div class=\"elementor-element elementor-element-5787ab5 elementor-widget elementor-widget-text-editor\" data-id=\"5787ab5\" data-element_type=\"widget\" data-widget_type=\"text-editor.default\">\n\t\t\t\t<div class=\"elementor-widget-container\">\n\t\t\t\t\t\t\t\t\t<p><strong>Wir wollen offen sein f\u00fcr neue Ideen, die in unser Universum passen. <\/strong><\/p>\n<p>Wir hoffen, unsere Entwicklung mit starken Produkten fortsetzen zu k\u00f6nnen, die mit der umweltfreundlichen Richtung, in die sich die Welt bewegt, harmonieren.<\/p>\n\t\t\t\t\t\t\t\t<\/div>\n\t\t\t\t<\/div>\n\t\t\t\t<\/div>\n\t\t\t\t\t<\/div>\n\t\t\t\t<\/div>\n\t\t\t\t<\/div>\n\t\t","protected":false},"excerpt":{"rendered":"<p>RECYCELT. WEIL WIR UNSEREN PLANETEN LIEBEN UND WEIL &#8230; WARUM NICHT? Bei unserer Suche nach den richtigen Materialien f\u00fcr die Herstellung nachhaltiger Fotohintergr\u00fcnde von Nordic Backdrop stand Nachhaltigkeit im Mittelpunkt.Unsere Hintergr\u00fcnde mussten von h\u00f6chster Qualit\u00e4t und aus nachhaltigen Materialien sein.Unsere Suche hat Fr\u00fcchte getragen und heute bieten wir zwei verschiedene Materialien an: recyceltes Polyester und [&hellip;]<\/p>\n","protected":false},"author":1,"featured_media":6025,"parent":0,"menu_order":0,"comment_status":"closed","ping_status":"closed","template":"elementor_header_footer","meta":{"footnotes":""},"class_list":["post-6473","page","type-page","status-publish","has-post-thumbnail","hentry"],"_links":{"self":[{"href":"https:\/\/nordicbackdrop.com\/de\/wp-json\/wp\/v2\/pages\/6473","targetHints":{"allow":["GET"]}}],"collection":[{"href":"https:\/\/nordicbackdrop.com\/de\/wp-json\/wp\/v2\/pages"}],"about":[{"href":"https:\/\/nordicbackdrop.com\/de\/wp-json\/wp\/v2\/types\/page"}],"author":[{"embeddable":true,"href":"https:\/\/nordicbackdrop.com\/de\/wp-json\/wp\/v2\/users\/1"}],"replies":[{"embeddable":true,"href":"https:\/\/nordicbackdrop.com\/de\/wp-json\/wp\/v2\/comments?post=6473"}],"version-history":[{"count":3,"href":"https:\/\/nordicbackdrop.com\/de\/wp-json\/wp\/v2\/pages\/6473\/revisions"}],"predecessor-version":[{"id":9256,"href":"https:\/\/nordicbackdrop.com\/de\/wp-json\/wp\/v2\/pages\/6473\/revisions\/9256"}],"wp:featuredmedia":[{"embeddable":true,"href":"https:\/\/nordicbackdrop.com\/de\/wp-json\/wp\/v2\/media\/6025"}],"wp:attachment":[{"href":"https:\/\/nordicbackdrop.com\/de\/wp-json\/wp\/v2\/media?parent=6473"}],"curies":[{"name":"wp","href":"https:\/\/api.w.org\/{rel}","templated":true}]}}