{"id":6417,"date":"2023-06-28T07:09:35","date_gmt":"2023-06-28T07:09:35","guid":{"rendered":"https:\/\/nordicbackdrop.weboglinjer.dk\/ueber-nordic-backdrop\/rueckgabe-und-reklamation\/"},"modified":"2024-01-25T19:20:40","modified_gmt":"2024-01-25T19:20:40","slug":"rueckgabe-und-reklamation","status":"publish","type":"page","link":"https:\/\/nordicbackdrop.com\/de\/ueber-nordic-backdrop\/rueckgabe-und-reklamation\/","title":{"rendered":"R\u00fcckgabe und Reklamation"},"content":{"rendered":"\t\t<div data-elementor-type=\"wp-page\" data-elementor-id=\"6417\" class=\"elementor elementor-6417 elementor-5691\" data-elementor-post-type=\"page\">\n\t\t\t\t<div class=\"elementor-element elementor-element-5ab78dc e-flex e-con-boxed e-con e-parent\" data-id=\"5ab78dc\" data-element_type=\"container\">\n\t\t\t\t\t<div class=\"e-con-inner\">\n\t\t<div class=\"elementor-element elementor-element-1422922 e-con-full e-flex e-con e-parent\" data-id=\"1422922\" data-element_type=\"container\">\n\t\t\t\t<div class=\"elementor-element elementor-element-bc3cfef elementor-widget elementor-widget-heading\" data-id=\"bc3cfef\" data-element_type=\"widget\" data-widget_type=\"heading.default\">\n\t\t\t\t<div class=\"elementor-widget-container\">\n\t\t\t\t\t<h1 class=\"elementor-heading-title elementor-size-default\">R\u00fcckgabe und Reklamation<\/h1>\t\t\t\t<\/div>\n\t\t\t\t<\/div>\n\t\t\t\t<\/div>\n\t\t<div class=\"elementor-element elementor-element-7a00efb e-con-full e-flex e-con e-parent\" data-id=\"7a00efb\" data-element_type=\"container\">\n\t\t\t\t<div class=\"elementor-element elementor-element-824e5ec elementor-widget elementor-widget-heading\" data-id=\"824e5ec\" data-element_type=\"widget\" data-widget_type=\"heading.default\">\n\t\t\t\t<div class=\"elementor-widget-container\">\n\t\t\t\t\t<h2 class=\"elementor-heading-title elementor-size-default\">R\u00dcCKSENDUNG VON WAREN<\/h2>\t\t\t\t<\/div>\n\t\t\t\t<\/div>\n\t\t\t\t<div class=\"elementor-element elementor-element-db5b632 elementor-widget elementor-widget-text-editor\" data-id=\"db5b632\" data-element_type=\"widget\" data-widget_type=\"text-editor.default\">\n\t\t\t\t<div class=\"elementor-widget-container\">\n\t\t\t\t\t\t\t\t\t<p>Bei der R\u00fccksendung der Ware(n) sind Sie daf\u00fcr verantwortlich, dass die Ware sicher verpackt ist.<br \/>Wenn Sie die Ware(n) senden, sollten Sie daher nachweisen, dass die Ware(n) versandt wurde(n), da Sie als K\u00e4ufer daf\u00fcr haften, bis die Ware(n) bei uns eingetroffen ist\/sind.<\/p>\n<p>Bitte beachten Sie, dass wir keine Pakete annehmen, die per Nachnahme oder an Packstationen geliefert werden.<\/p>\n<p>Sie haften nur f\u00fcr eine Verschlechterung des Wertes der Ware(n), die auf andere Handhabung zur\u00fcckzuf\u00fchren ist, als diejenige, die notwendig ist, um die Art der Ware, die Eigenschaften und die Funktionsweise zu bestimmen.<\/p>\n<p>Sie k\u00f6nnen mit anderen Worten die Ware in der gleichen Art und Weise ausprobieren, wie Sie es in einem Ladengesch\u00e4ft tun w\u00fcrden, aber Sie d\u00fcrfen sie nicht in Gebrauch nehmen. Wenn die Ware \u00fcber das oben beschriebene Ma\u00df hinaus ausprobiert wurde, betrachten wir sie als gebraucht, was bedeutet, dass Sie bei Widerruf nur einen Teil oder nichts vom Kaufbetrag zur\u00fcckerhalten, abh\u00e4ngig vom Marktwert des Produkts.<\/p>\n<p>Wir empfehlen Ihnen, die Ware in Originalverpackung zur\u00fcckzusenden.<\/p>\n<p>Wenn die Originalverpackung fehlt, kann dies zu einer Wertminderung der Ware f\u00fchren.<\/p>\n\t\t\t\t\t\t\t\t<\/div>\n\t\t\t\t<\/div>\n\t\t\t\t<\/div>\n\t\t<div class=\"elementor-element elementor-element-4ca3079 e-con-full e-flex e-con e-parent\" data-id=\"4ca3079\" data-element_type=\"container\">\n\t\t\t\t<div class=\"elementor-element elementor-element-4e03e4b elementor-widget elementor-widget-heading\" data-id=\"4e03e4b\" data-element_type=\"widget\" data-widget_type=\"heading.default\">\n\t\t\t\t<div class=\"elementor-widget-container\">\n\t\t\t\t\t<h3 class=\"elementor-heading-title elementor-size-default\">KOSTEN F\u00dcR WARENR\u00dcCKSENDUNG<\/h3>\t\t\t\t<\/div>\n\t\t\t\t<\/div>\n\t\t\t\t<div class=\"elementor-element elementor-element-0533ab2 elementor-widget elementor-widget-text-editor\" data-id=\"0533ab2\" data-element_type=\"widget\" data-widget_type=\"text-editor.default\">\n\t\t\t\t<div class=\"elementor-widget-container\">\n\t\t\t\t\t\t\t\t\t<p>Bestimmte Waren k\u00f6nnen nicht per normaler Post zur\u00fcckgesandt werden.<\/p>\n<p>Dies gilt beispielsweise f\u00fcr gro\u00dfe Hintergr\u00fcnde.<\/p>\n<p>Die Kosten f\u00fcr die R\u00fccksendung dieser Waren werden voraussichtlich maximal 79,00 DKK inkl. MwSt. mit UPS betragen. Die Kosten werden von Ihnen in ihrer Gesamtheit getragen.<\/p>\n\t\t\t\t\t\t\t\t<\/div>\n\t\t\t\t<\/div>\n\t\t\t\t<\/div>\n\t\t<div class=\"elementor-element elementor-element-2ac939a e-con-full e-flex e-con e-parent\" data-id=\"2ac939a\" data-element_type=\"container\">\n\t\t\t\t<div class=\"elementor-element elementor-element-4174893 elementor-widget elementor-widget-heading\" data-id=\"4174893\" data-element_type=\"widget\" data-widget_type=\"heading.default\">\n\t\t\t\t<div class=\"elementor-widget-container\">\n\t\t\t\t\t<h3 class=\"elementor-heading-title elementor-size-default\">REKLAMATIONEN<\/h3>\t\t\t\t<\/div>\n\t\t\t\t<\/div>\n\t\t\t\t<div class=\"elementor-element elementor-element-7435d26 elementor-widget elementor-widget-text-editor\" data-id=\"7435d26\" data-element_type=\"widget\" data-widget_type=\"text-editor.default\">\n\t\t\t\t<div class=\"elementor-widget-container\">\n\t\t\t\t\t\t\t\t\t<p>Nach dem Kaufgesetz besteht f\u00fcr alle Waren ein Reklamationsrecht von 24 Monaten.<\/p>\n<p>Das Reklamationsrecht bedeutet, dass Sie als Kunde Fehler und M\u00e4ngel am Produkt, die bis zu 24 Monate nach dem Kauf aufgetreten sein k\u00f6nnen, reklamieren k\u00f6nnen. Das bedeutet, dass Sie je nach Situation entweder den Artikel reparieren, umtauschen, das Geld zur\u00fcckerhalten oder einen Rabatt auf den Preis erhalten k\u00f6nnen.<\/p>\n<p>Voraussetzung ist, dass M\u00e4ngel nicht durch unsachgem\u00e4\u00dfen Gebrauch des Produkts, normale Abnutzung oder sonstiges schadenverursachendes Verhalten, das zu dem Mangel gef\u00fchrt hat, entstanden sind.<\/p>\n<p>Sie m\u00fcssen innerhalb einer angemessenen Frist nach Feststellung des Mangels Anzeige erstatten.<\/p>\n<p>Als rechtzeitig gilt die R\u00fcge, wenn Sie die R\u00fcge innerhalb von 2 Monaten nach Entdeckung des Mangels einreichen.<\/p>\n<p>Wir erstatten Ihnen angemessene Versandkosten, die Ihnen im Zusammenhang mit der R\u00fccksendung der Ware entstehen, wenn die Reklamation berechtigt ist (die Ware ist mangelhaft).<\/p>\n<p>Bei Beschwerden, Fehlern und Auslassungen k\u00f6nnen Sie uns per E-Mail unter support@nordicbackdrop.com kontaktieren. Bitte geben Sie im Zusammenhang mit der Reklamation den Hintergrund Ihrer Reklamation und damit das Problem mit dem Produkt an. Bitte geben Sie zus\u00e4tzlich Ihre Bestell- oder Rechnungsnummer an.<\/p>\n<p>Reklamationen werden zur\u00fcckgesandt an:<br \/>Nordic Backdrop ApS<br \/>Danmarksgade 25<br \/>6700 Esbjerg<br \/>D\u00e4nemark<\/p>\n<p>Sofern eine R\u00fcckerstattung vereinbart wurde, \u00fcbersenden Sie bitte auch die Bankverbindung, damit die R\u00fcckerstattung \u00fcberwiesen werden kann.<\/p>\n\t\t\t\t\t\t\t\t<\/div>\n\t\t\t\t<\/div>\n\t\t\t\t<\/div>\n\t\t\t\t\t<\/div>\n\t\t\t\t<\/div>\n\t\t\t\t<\/div>\n\t\t","protected":false},"excerpt":{"rendered":"<p>R\u00fcckgabe und Reklamation R\u00dcCKSENDUNG VON WAREN Bei der R\u00fccksendung der Ware(n) sind Sie daf\u00fcr verantwortlich, dass die Ware sicher verpackt ist.Wenn Sie die Ware(n) senden, sollten Sie daher nachweisen, dass die Ware(n) versandt wurde(n), da Sie als K\u00e4ufer daf\u00fcr haften, bis die Ware(n) bei uns eingetroffen ist\/sind. Bitte beachten Sie, dass wir keine Pakete annehmen, [&hellip;]<\/p>\n","protected":false},"author":1,"featured_media":3907,"parent":6403,"menu_order":0,"comment_status":"closed","ping_status":"closed","template":"","meta":{"footnotes":""},"class_list":["post-6417","page","type-page","status-publish","has-post-thumbnail","hentry"],"_links":{"self":[{"href":"https:\/\/nordicbackdrop.com\/de\/wp-json\/wp\/v2\/pages\/6417","targetHints":{"allow":["GET"]}}],"collection":[{"href":"https:\/\/nordicbackdrop.com\/de\/wp-json\/wp\/v2\/pages"}],"about":[{"href":"https:\/\/nordicbackdrop.com\/de\/wp-json\/wp\/v2\/types\/page"}],"author":[{"embeddable":true,"href":"https:\/\/nordicbackdrop.com\/de\/wp-json\/wp\/v2\/users\/1"}],"replies":[{"embeddable":true,"href":"https:\/\/nordicbackdrop.com\/de\/wp-json\/wp\/v2\/comments?post=6417"}],"version-history":[{"count":0,"href":"https:\/\/nordicbackdrop.com\/de\/wp-json\/wp\/v2\/pages\/6417\/revisions"}],"up":[{"embeddable":true,"href":"https:\/\/nordicbackdrop.com\/de\/wp-json\/wp\/v2\/pages\/6403"}],"wp:featuredmedia":[{"embeddable":true,"href":"https:\/\/nordicbackdrop.com\/de\/wp-json\/wp\/v2\/media\/3907"}],"wp:attachment":[{"href":"https:\/\/nordicbackdrop.com\/de\/wp-json\/wp\/v2\/media?parent=6417"}],"curies":[{"name":"wp","href":"https:\/\/api.w.org\/{rel}","templated":true}]}}