{"id":6413,"date":"2023-06-28T07:07:12","date_gmt":"2023-06-28T07:07:12","guid":{"rendered":"https:\/\/nordicbackdrop.weboglinjer.dk\/ueber-nordic-backdrop\/lieferung\/"},"modified":"2024-01-25T19:11:42","modified_gmt":"2024-01-25T19:11:42","slug":"lieferung","status":"publish","type":"page","link":"https:\/\/nordicbackdrop.com\/de\/ueber-nordic-backdrop\/lieferung\/","title":{"rendered":"Lieferung"},"content":{"rendered":"\t\t<div data-elementor-type=\"wp-page\" data-elementor-id=\"6413\" class=\"elementor elementor-6413 elementor-5682\" data-elementor-post-type=\"page\">\n\t\t\t\t<div class=\"elementor-element elementor-element-5ab78dc e-flex e-con-boxed e-con e-parent\" data-id=\"5ab78dc\" data-element_type=\"container\">\n\t\t\t\t\t<div class=\"e-con-inner\">\n\t\t<div class=\"elementor-element elementor-element-1422922 e-con-full e-flex e-con e-parent\" data-id=\"1422922\" data-element_type=\"container\">\n\t\t\t\t<div class=\"elementor-element elementor-element-bc3cfef elementor-widget elementor-widget-heading\" data-id=\"bc3cfef\" data-element_type=\"widget\" data-widget_type=\"heading.default\">\n\t\t\t\t<div class=\"elementor-widget-container\">\n\t\t\t\t\t<h1 class=\"elementor-heading-title elementor-size-default\">LIEFERUNG<\/h1>\t\t\t\t<\/div>\n\t\t\t\t<\/div>\n\t\t\t\t<div class=\"elementor-element elementor-element-9317464 elementor-widget elementor-widget-heading\" data-id=\"9317464\" data-element_type=\"widget\" data-widget_type=\"heading.default\">\n\t\t\t\t<div class=\"elementor-widget-container\">\n\t\t\t\t\t<h3 class=\"elementor-heading-title elementor-size-default\">Mit welcher Lieferzeit muss ich rechnen?\n\n<\/h3>\t\t\t\t<\/div>\n\t\t\t\t<\/div>\n\t\t\t\t<div class=\"elementor-element elementor-element-5b54b76 elementor-widget elementor-widget-text-editor\" data-id=\"5b54b76\" data-element_type=\"widget\" data-widget_type=\"text-editor.default\">\n\t\t\t\t<div class=\"elementor-widget-container\">\n\t\t\t\t\t\t\t\t\t<p>Standardm\u00e4\u00dfig betr\u00e4gt die Lieferzeit von der Bestellung bis zum Erhalt Ihrer Fotohintergr\u00fcnde 7-9 Werktage.<\/p>\n<p>Alle Pakete werden mit UPS versendet und Sie erhalten eine Track&amp;Trace-Nummer per E-Mail, sobald Ihre Bestellung versandfertig ist.<\/p>\n<p>Die Standardlieferzeit gilt f\u00fcr die Lieferung in alle EU-L\u00e4nder. Wenn Sie au\u00dferhalb der EU ans\u00e4ssig sind, m\u00fcssen Sie mit einer Lieferzeit von bis zu 15 Werktagen rechnen.<\/p>\n\t\t\t\t\t\t\t\t<\/div>\n\t\t\t\t<\/div>\n\t\t\t\t<\/div>\n\t\t\t\t\t<\/div>\n\t\t\t\t<\/div>\n\t\t\t\t<\/div>\n\t\t","protected":false},"excerpt":{"rendered":"<p>LIEFERUNG Mit welcher Lieferzeit muss ich rechnen? Standardm\u00e4\u00dfig betr\u00e4gt die Lieferzeit von der Bestellung bis zum Erhalt Ihrer Fotohintergr\u00fcnde 7-9 Werktage. Alle Pakete werden mit UPS versendet und Sie erhalten eine Track&amp;Trace-Nummer per E-Mail, sobald Ihre Bestellung versandfertig ist. Die Standardlieferzeit gilt f\u00fcr die Lieferung in alle EU-L\u00e4nder. Wenn Sie au\u00dferhalb der EU ans\u00e4ssig sind, [&hellip;]<\/p>\n","protected":false},"author":1,"featured_media":3907,"parent":6403,"menu_order":0,"comment_status":"closed","ping_status":"closed","template":"","meta":{"footnotes":""},"class_list":["post-6413","page","type-page","status-publish","has-post-thumbnail","hentry"],"_links":{"self":[{"href":"https:\/\/nordicbackdrop.com\/de\/wp-json\/wp\/v2\/pages\/6413","targetHints":{"allow":["GET"]}}],"collection":[{"href":"https:\/\/nordicbackdrop.com\/de\/wp-json\/wp\/v2\/pages"}],"about":[{"href":"https:\/\/nordicbackdrop.com\/de\/wp-json\/wp\/v2\/types\/page"}],"author":[{"embeddable":true,"href":"https:\/\/nordicbackdrop.com\/de\/wp-json\/wp\/v2\/users\/1"}],"replies":[{"embeddable":true,"href":"https:\/\/nordicbackdrop.com\/de\/wp-json\/wp\/v2\/comments?post=6413"}],"version-history":[{"count":0,"href":"https:\/\/nordicbackdrop.com\/de\/wp-json\/wp\/v2\/pages\/6413\/revisions"}],"up":[{"embeddable":true,"href":"https:\/\/nordicbackdrop.com\/de\/wp-json\/wp\/v2\/pages\/6403"}],"wp:featuredmedia":[{"embeddable":true,"href":"https:\/\/nordicbackdrop.com\/de\/wp-json\/wp\/v2\/media\/3907"}],"wp:attachment":[{"href":"https:\/\/nordicbackdrop.com\/de\/wp-json\/wp\/v2\/media?parent=6413"}],"curies":[{"name":"wp","href":"https:\/\/api.w.org\/{rel}","templated":true}]}}