{"id":6403,"date":"2023-06-28T07:45:12","date_gmt":"2023-06-28T06:45:12","guid":{"rendered":"https:\/\/nordicbackdrop.weboglinjer.dk\/ueber-nordic-backdrop\/"},"modified":"2024-12-10T11:07:19","modified_gmt":"2024-12-10T10:07:19","slug":"ueber-nordic-backdrop","status":"publish","type":"page","link":"https:\/\/nordicbackdrop.com\/de\/ueber-nordic-backdrop\/","title":{"rendered":"\u00dcber Nordic Backdrop"},"content":{"rendered":"\t\t<div data-elementor-type=\"wp-page\" data-elementor-id=\"6403\" class=\"elementor elementor-6403 elementor-5784\" data-elementor-post-type=\"page\">\n\t\t\t\t<div class=\"elementor-element elementor-element-7d8d53c e-flex e-con-boxed e-con e-parent\" data-id=\"7d8d53c\" data-element_type=\"container\">\n\t\t\t\t\t<div class=\"e-con-inner\">\n\t\t\t\t<div class=\"elementor-element elementor-element-9e3a56d elementor-widget__width-initial elementor-widget elementor-widget-heading\" data-id=\"9e3a56d\" data-element_type=\"widget\" data-widget_type=\"heading.default\">\n\t\t\t\t<div class=\"elementor-widget-container\">\n\t\t\t\t\t<h1 class=\"elementor-heading-title elementor-size-default\">Hinter Nordic Backdrop stecken viele Jahre Erfahrung aus den Bereichen Design, Fotografie und Druck. <\/h1>\t\t\t\t<\/div>\n\t\t\t\t<\/div>\n\t\t\t\t<div class=\"elementor-element elementor-element-bd2a017 elementor-widget elementor-widget-text-editor\" data-id=\"bd2a017\" data-element_type=\"widget\" data-widget_type=\"text-editor.default\">\n\t\t\t\t<div class=\"elementor-widget-container\">\n\t\t\t\t\t\t\t\t\t<p>Nordic Background entstand, als drei Freunde und Gesch\u00e4ftspartner in jeder ihrer Branchen einen Ort brauchten,<br \/>wo Sie Backdrops und Fotohintergr\u00fcnde kaufen k\u00f6nnen. Ein Ort, der Nachhaltigkeit, Recycling und Qualit\u00e4t betont.<\/p>\n<p>Ihre langj\u00e4hrige Erfahrung in ihren jeweiligen Branchen hat die Arbeit von der Idee bis zum fertigen Produkt zu einer spannenden Herausforderung gemacht, mit klaren Perspektiven aus verschiedenen Blickwinkeln.<\/p>\n<p>&#8230;und das Ergebnis spricht f\u00fcr sich!<\/p>\n\t\t\t\t\t\t\t\t<\/div>\n\t\t\t\t<\/div>\n\t\t\t\t\t<\/div>\n\t\t\t\t<\/div>\n\t\t<div class=\"elementor-element elementor-element-247cc5d e-flex e-con-boxed e-con e-parent\" data-id=\"247cc5d\" data-element_type=\"container\" data-settings=\"{&quot;background_background&quot;:&quot;classic&quot;}\">\n\t\t\t\t\t<div class=\"e-con-inner\">\n\t\t<div class=\"elementor-element elementor-element-84b5bb2 e-con-full e-flex e-con e-child\" data-id=\"84b5bb2\" data-element_type=\"container\" data-settings=\"{&quot;background_background&quot;:&quot;classic&quot;}\">\n\t\t\t\t<div class=\"elementor-element elementor-element-40b701a elementor-widget elementor-widget-text-editor\" data-id=\"40b701a\" data-element_type=\"widget\" data-widget_type=\"text-editor.default\">\n\t\t\t\t<div class=\"elementor-widget-container\">\n\t\t\t\t\t\t\t\t\t<p>&#8222;<br \/>Wir konzentrieren uns bei unseren Designs auf Vielseitigkeit. Uns ist es wichtig, dass Sie als Kunde Ihren pers\u00f6nlichen Ausdruck in unseren Backdrops sehen k\u00f6nnen und Ihr gew\u00fcnschter Look immer erreicht werden kann.<\/p>\n\t\t\t\t\t\t\t\t<\/div>\n\t\t\t\t<\/div>\n\t\t\t\t<\/div>\n\t\t\t\t\t<\/div>\n\t\t\t\t<\/div>\n\t\t<div class=\"elementor-element elementor-element-eda6774 e-flex e-con-boxed e-con e-parent\" data-id=\"eda6774\" data-element_type=\"container\" data-settings=\"{&quot;background_background&quot;:&quot;classic&quot;}\">\n\t\t\t\t\t<div class=\"e-con-inner\">\n\t\t<div class=\"elementor-element elementor-element-440c4ff e-con-full e-flex e-con e-child\" data-id=\"440c4ff\" data-element_type=\"container\" data-settings=\"{&quot;background_background&quot;:&quot;classic&quot;}\">\n\t\t\t\t<div class=\"elementor-element elementor-element-2cc2f0d elementor-widget elementor-widget-text-editor\" data-id=\"2cc2f0d\" data-element_type=\"widget\" data-widget_type=\"text-editor.default\">\n\t\t\t\t<div class=\"elementor-widget-container\">\n\t\t\t\t\t\t\t\t\t<p><strong>Camilla Hjortborg<\/strong><br \/>Grafischer Designer<br \/>Mehr als 15 Jahre Erfahrung<\/p>\n<p>&#8222;Ich nutze meine Erfahrung als Grafikdesigner, um das Erscheinungsbild unserer Nordic Backdrops zu vervollst\u00e4ndigen \u2013 und verwende unsere Backdrops oft selbst in meiner Arbeit f\u00fcr Kunden.&#8220;<\/p>\n\t\t\t\t\t\t\t\t<\/div>\n\t\t\t\t<\/div>\n\t\t\t\t<\/div>\n\t\t<div class=\"elementor-element elementor-element-45c87a5 e-con-full e-flex e-con e-child\" data-id=\"45c87a5\" data-element_type=\"container\" data-settings=\"{&quot;background_background&quot;:&quot;classic&quot;}\">\n\t\t\t\t<div class=\"elementor-element elementor-element-7740483 elementor-widget elementor-widget-text-editor\" data-id=\"7740483\" data-element_type=\"widget\" data-widget_type=\"text-editor.default\">\n\t\t\t\t<div class=\"elementor-widget-container\">\n\t\t\t\t\t\t\t\t\t<p><strong>Line Tausen<\/strong><br \/>Fotograf<br \/>Mehr als 15 Jahre Erfahrung<\/p>\n<p>&#8222;In meiner Arbeit als Fotograf habe ich immer verschiedene Orte aufgesucht, um die richtige Stimmung f\u00fcr meine Bilder zu schaffen. Allerdings habe ich oft eine L\u00f6sung vermisst, die den Prozess erleichtert, ohne dabei die Qualit\u00e4t zu beeintr\u00e4chtigen. Deshalb habe ich meine Lieblingsorte fotografiert, die nun zum Sortiment von Nordic Backdrop geh\u00f6ren.<br \/>Jetzt habe ich alle meine Lieblingshintergr\u00fcnde immer griffbereit und verwende sie h\u00e4ufig \u2013 meine Fotos erhalten jedes Mal den Look, den ich m\u00f6chte!\u201c<\/p>\n\t\t\t\t\t\t\t\t<\/div>\n\t\t\t\t<\/div>\n\t\t\t\t<\/div>\n\t\t<div class=\"elementor-element elementor-element-59712ad e-con-full e-flex e-con e-child\" data-id=\"59712ad\" data-element_type=\"container\" data-settings=\"{&quot;background_background&quot;:&quot;classic&quot;}\">\n\t\t\t\t<div class=\"elementor-element elementor-element-20ae5e1 elementor-widget elementor-widget-text-editor\" data-id=\"20ae5e1\" data-element_type=\"widget\" data-widget_type=\"text-editor.default\">\n\t\t\t\t<div class=\"elementor-widget-container\">\n\t\t\t\t\t\t\t\t\t<p><strong>Sean J\u00e4pelt Holm<\/strong><br \/>Druck geek<br \/>Mehr als 25 Jahre Erfahrung<\/p>\n<p>&#8222;Ich habe mehr als 25 Jahre in der Druckindustrie gearbeitet und konnte schnell feststellen, dass Nordic Backdrop auf dem Weltmarkt fehlte. Meine langj\u00e4hrige Erfahrung hat mir das n\u00f6tige Know-how vermittelt, um jedes Mal einzigartige Produkte in hoher Qualit\u00e4t zu drucken.&#8220;<\/p>\n\t\t\t\t\t\t\t\t<\/div>\n\t\t\t\t<\/div>\n\t\t\t\t<\/div>\n\t\t\t\t\t<\/div>\n\t\t\t\t<\/div>\n\t\t<div class=\"elementor-element elementor-element-5bab5d5 e-con-full e-flex e-con e-parent\" data-id=\"5bab5d5\" data-element_type=\"container\">\n\t\t<div class=\"elementor-element elementor-element-a9e2603 e-con-full e-flex e-con e-child\" data-id=\"a9e2603\" data-element_type=\"container\">\n\t\t\t\t<div class=\"elementor-element elementor-element-195b814 elementor-widget elementor-widget-video\" data-id=\"195b814\" data-element_type=\"widget\" data-settings=\"{&quot;video_type&quot;:&quot;hosted&quot;,&quot;show_image_overlay&quot;:&quot;yes&quot;,&quot;image_overlay&quot;:{&quot;url&quot;:&quot;https:\\\/\\\/nordicbackdrop.com\\\/wp-content\\\/uploads\\\/2023\\\/06\\\/Rectangle-79.png&quot;,&quot;id&quot;:5854,&quot;size&quot;:&quot;&quot;,&quot;alt&quot;:&quot;&quot;,&quot;source&quot;:&quot;library&quot;},&quot;controls&quot;:&quot;yes&quot;}\" data-widget_type=\"video.default\">\n\t\t\t\t<div class=\"elementor-widget-container\">\n\t\t\t\t\t\t\t<div class=\"e-hosted-video elementor-wrapper elementor-open-inline\">\n\t\t\t\t\t<video class=\"elementor-video\" src=\"https:\/\/nordicbackdrop.com\/wp-content\/uploads\/2023\/06\/nb__some_kort3-1080p.mp4\" controls=\"\" preload=\"metadata\" controlsList=\"nodownload\"><\/video>\n\t\t\t\t\t\t<div class=\"elementor-custom-embed-image-overlay\" style=\"background-image: url(https:\/\/nordicbackdrop.com\/wp-content\/uploads\/2023\/06\/Rectangle-79.png);\">\n\t\t\t\t\t\t\t\t\t\t\t\t\t\t\t\t<div class=\"elementor-custom-embed-play\" role=\"button\" aria-label=\"Video abspielen\" tabindex=\"0\">\n\t\t\t\t\t\t\t<svg aria-hidden=\"true\" class=\"e-font-icon-svg e-far-play-circle\" viewBox=\"0 0 512 512\" xmlns=\"http:\/\/www.w3.org\/2000\/svg\"><path d=\"M371.7 238l-176-107c-15.8-8.8-35.7 2.5-35.7 21v208c0 18.4 19.8 29.8 35.7 21l176-101c16.4-9.1 16.4-32.8 0-42zM504 256C504 119 393 8 256 8S8 119 8 256s111 248 248 248 248-111 248-248zm-448 0c0-110.5 89.5-200 200-200s200 89.5 200 200-89.5 200-200 200S56 366.5 56 256z\"><\/path><\/svg>\t\t\t\t\t\t<\/div>\n\t\t\t\t\t\t\t\t\t<\/div>\n\t\t\t\t\t<\/div>\n\t\t\t\t\t\t<\/div>\n\t\t\t\t<\/div>\n\t\t\t\t<\/div>\n\t\t<div class=\"elementor-element elementor-element-e800065 e-con-full e-flex e-con e-child\" data-id=\"e800065\" data-element_type=\"container\">\n\t\t\t\t<div class=\"elementor-element elementor-element-f119a21 elementor-widget elementor-widget-text-editor\" data-id=\"f119a21\" data-element_type=\"widget\" data-widget_type=\"text-editor.default\">\n\t\t\t\t<div class=\"elementor-widget-container\">\n\t\t\t\t\t\t\t\t\t<p><strong>Wir bewerben uns bei<\/strong><br \/>Sowohl die KLEINE als auch die ganz gro\u00dfen PRODUKTIONEN. Vom kleinen Juweliergesch\u00e4ft, das f\u00fcr seine eigene Fotografie steht, bis hin zu gro\u00dfen TV-Produktionen wie TV3 und Fashion Photographers.<\/p>\n<p><strong>SOLL MAN SICH DARAN GEW\u00d6HNEN, AUF STOFF ZU FOTOGRAFIEREN?<\/strong> <br \/>Die kurze Antwort lautet JA. Es ist nur ein wenig gew\u00f6hnungsbed\u00fcrftig, auf Stoff zu fotografieren. Aber wenn man erst einmal den Dreh raus hat, ist es so wunderbar zu fotografieren.<\/p>\n<p><strong>EINZIGARTIGE L\u00d6SUNGEN<\/strong><br \/>Wenn Sie einen ganz besonderen Look w\u00fcnschen, kann der Stoff gekr\u00e4uselt werden und es entsteht sofort ein v\u00f6llig anderer Look. Unsere Backdrops lassen sich auch leicht in den Farben auf- und abt\u00f6nen, z. AUF- UND ABZUDUNKELN.<\/p>\n<p>Kurz gesagt, es ist wirklich nur die Vorstellungskraft, die die Grenzen setzt.<\/p>\n\t\t\t\t\t\t\t\t<\/div>\n\t\t\t\t<\/div>\n\t\t\t\t<\/div>\n\t\t\t\t<\/div>\n\t\t<div class=\"elementor-element elementor-element-44a76b9 e-flex e-con-boxed e-con e-parent\" data-id=\"44a76b9\" data-element_type=\"container\" data-settings=\"{&quot;background_background&quot;:&quot;classic&quot;}\">\n\t\t\t\t\t<div class=\"e-con-inner\">\n\t\t<div class=\"elementor-element elementor-element-8377616 e-con-full e-flex e-con e-child\" data-id=\"8377616\" data-element_type=\"container\" data-settings=\"{&quot;background_background&quot;:&quot;classic&quot;}\">\n\t\t\t\t<div class=\"elementor-element elementor-element-9499feb elementor-widget elementor-widget-heading\" data-id=\"9499feb\" data-element_type=\"widget\" data-widget_type=\"heading.default\">\n\t\t\t\t<div class=\"elementor-widget-container\">\n\t\t\t\t\t<h2 class=\"elementor-heading-title elementor-size-default\">Wie entstehen Nordic Backdrops?<\/h2>\t\t\t\t<\/div>\n\t\t\t\t<\/div>\n\t\t\t\t<div class=\"elementor-element elementor-element-8be20d3 elementor-widget elementor-widget-text-editor\" data-id=\"8be20d3\" data-element_type=\"widget\" data-widget_type=\"text-editor.default\">\n\t\t\t\t<div class=\"elementor-widget-container\">\n\t\t\t\t\t\t\t\t\t<p>Die Idee hinter Nordic Backdrop entstand, weil uns Hintergr\u00fcnde f\u00fcr verschiedene Fotoshootings fehlten, und wir den Wunsch hatten, ein Produkt zu schaffen, das dauerhaft in Ihrer Fotosammlung verwendet werden kann. <\/p>\n<p>Die Ideen f\u00fcr neue Nordic Backdrops basieren oft auf Bildern verschiedener Orte. Nach einer kraftvollen grafischen Bearbeitung entsteht dann ein neuer Hintergrund.<\/p>\n<p>Neben der Tatsache, dass Nordic Backdrop Hintergrund f\u00fcr viele verschiedene Ausdr\u00fccke sein sollte, standen drei Dinge im Fokus, als wir unsere Backdrops entwickelten:<\/p>\n\t\t\t\t\t\t\t\t<\/div>\n\t\t\t\t<\/div>\n\t\t\t\t<\/div>\n\t\t<div class=\"elementor-element elementor-element-03d66df e-con-full e-flex e-con e-child\" data-id=\"03d66df\" data-element_type=\"container\" data-settings=\"{&quot;background_background&quot;:&quot;classic&quot;}\">\n\t\t\t\t<div class=\"elementor-element elementor-element-b5dd3a6 elementor-widget elementor-widget-text-editor\" data-id=\"b5dd3a6\" data-element_type=\"widget\" data-widget_type=\"text-editor.default\">\n\t\t\t\t<div class=\"elementor-widget-container\">\n\t\t\t\t\t\t\t\t\t<p>1.<\/p>\n<p>Unsere Backdrops sollten in der Lage sein, h\u00e4ufig verwendet zu werden. <br \/>Daher werden sie auf 220 g\/m\u00b2 Polyester gedruckt, das sowohl gewaschen und geb\u00fcgelt werden kann, als auch auf rei\u00dffestem Papier, das mit einem feuchten Tuch abgewischt werden kann.<\/p>\n\t\t\t\t\t\t\t\t<\/div>\n\t\t\t\t<\/div>\n\t\t\t\t<\/div>\n\t\t<div class=\"elementor-element elementor-element-3e6ea2a e-con-full e-flex e-con e-child\" data-id=\"3e6ea2a\" data-element_type=\"container\" data-settings=\"{&quot;background_background&quot;:&quot;classic&quot;}\">\n\t\t\t\t<div class=\"elementor-element elementor-element-b614a6a elementor-widget elementor-widget-text-editor\" data-id=\"b614a6a\" data-element_type=\"widget\" data-widget_type=\"text-editor.default\">\n\t\t\t\t<div class=\"elementor-widget-container\">\n\t\t\t\t\t\t\t\t\t<p>2.<\/p>\n<p>Sie sollten sicher in der Anwendung sein \u2013 auch f\u00fcr Kinder. <br>Daher werden unsere Backdrops auf OEKO-TEX 100 zertifiziertem, umweltfreundlichem Polyester gedruckt.<\/p>\t\t\t\t\t\t\t\t<\/div>\n\t\t\t\t<\/div>\n\t\t\t\t<\/div>\n\t\t<div class=\"elementor-element elementor-element-556ba2f e-con-full e-flex e-con e-child\" data-id=\"556ba2f\" data-element_type=\"container\" data-settings=\"{&quot;background_background&quot;:&quot;classic&quot;}\">\n\t\t\t\t<div class=\"elementor-element elementor-element-59e3452 elementor-widget elementor-widget-text-editor\" data-id=\"59e3452\" data-element_type=\"widget\" data-widget_type=\"text-editor.default\">\n\t\t\t\t<div class=\"elementor-widget-container\">\n\t\t\t\t\t\t\t\t\t<p>3.<\/p>\n<p>&#8230; und das Aussehen unserer Backdrops sollte nat\u00fcrlich immer nordische Eleganz ausstrahlen.<\/p>\n\t\t\t\t\t\t\t\t<\/div>\n\t\t\t\t<\/div>\n\t\t\t\t<\/div>\n\t\t\t\t\t<\/div>\n\t\t\t\t<\/div>\n\t\t<div class=\"elementor-element elementor-element-691fc74 e-con-full e-flex e-con e-parent\" data-id=\"691fc74\" data-element_type=\"container\">\n\t\t\t\t<\/div>\n\t\t<div class=\"elementor-element elementor-element-faa8e94 e-flex e-con-boxed e-con e-parent\" data-id=\"faa8e94\" data-element_type=\"container\">\n\t\t\t\t\t<div class=\"e-con-inner\">\n\t\t<div class=\"elementor-element elementor-element-ceffdbe e-con-full e-flex e-con e-child\" data-id=\"ceffdbe\" data-element_type=\"container\">\n\t\t\t\t<div class=\"elementor-element elementor-element-befbac8 elementor-widget elementor-widget-heading\" data-id=\"befbac8\" data-element_type=\"widget\" data-widget_type=\"heading.default\">\n\t\t\t\t<div class=\"elementor-widget-container\">\n\t\t\t\t\t<h2 class=\"elementor-heading-title elementor-size-default\">Der Traum, bei jeder Aufnahme wundersch\u00f6ne Bilder zu machen!<\/h2>\t\t\t\t<\/div>\n\t\t\t\t<\/div>\n\t\t\t\t<div class=\"elementor-element elementor-element-f853431 elementor-widget elementor-widget-text-editor\" data-id=\"f853431\" data-element_type=\"widget\" data-widget_type=\"text-editor.default\">\n\t\t\t\t<div class=\"elementor-widget-container\">\n\t\t\t\t\t\t\t\t\t<p>Das Fundament von Nordic Backdrops war von Anfang an, dass es einfach sein soll, bei jeder Aufnahme sch\u00f6ne Bilder zu machen.<\/p>\n<p>Unsere Hintergr\u00fcnde sind f\u00fcr Fotografen, Blogger, Restaurants und kleine Unternehmen gemacht, die einfache und sch\u00f6ne Portr\u00e4t- und\/oder Produktbilder erstellen m\u00f6chten.<\/p>\n<p>Bei der Auswahl unserer Materialien f\u00fcr unsere Backdrops stand Nachhaltigkeit im Mittelpunkt. Polyesterhintergr\u00fcnde werden aus recycelten Materialien hergestellt, und unser rei\u00dffestes Papier besteht zu 96% aus Wasser, wenn es verbrannt wird. <br \/>Unsere Hintergr\u00fcnde k\u00f6nnen immer wieder verwendet werden, egal ob Sie einen Nordic Backdrop aus Polyester oder rei\u00dffestem Papier kaufen. <\/p>\n\t\t\t\t\t\t\t\t<\/div>\n\t\t\t\t<\/div>\n\t\t\t\t<div class=\"elementor-element elementor-element-052d4ea elementor-widget elementor-widget-heading\" data-id=\"052d4ea\" data-element_type=\"widget\" data-widget_type=\"heading.default\">\n\t\t\t\t<div class=\"elementor-widget-container\">\n\t\t\t\t\t<h2 class=\"elementor-heading-title elementor-size-default\">Leicht und einfach<\/h2>\t\t\t\t<\/div>\n\t\t\t\t<\/div>\n\t\t\t\t<div class=\"elementor-element elementor-element-2c2f45f elementor-widget elementor-widget-text-editor\" data-id=\"2c2f45f\" data-element_type=\"widget\" data-widget_type=\"text-editor.default\">\n\t\t\t\t<div class=\"elementor-widget-container\">\n\t\t\t\t\t\t\t\t\t<p>Nordic Backdrops sind sowohl darauf ausgelegt, als fester Hintergrund in einer Fotokulisse zu dienen als auch leicht transportiert werden zu k\u00f6nnen. Sie k\u00f6nnen auf der mitgelieferten Papph\u00fclse aufgerollt werden.<\/p>\n<p>Der Vorteil der Polyesterhintergr\u00fcnde besteht darin, dass sie einen sch\u00f6nen und dynamischen Hintergrund f\u00fcr Portr\u00e4tfotos oder Fotos gr\u00f6\u00dferer Produkte schaffen k\u00f6nnen und dazu verwendet werden k\u00f6nnen, Umgebungen zu gestalten.<\/p>\n<p>Wenn Sie jedoch kleinere Produkte haben, wie Gerichte in einem Restaurant, kleine Holzfiguren oder Schmuck, ist rei\u00dffestes Papier die richtige Wahl. Selbst wenn Sie ganz nah auf rei\u00dffestes Papier fokussieren, wird es scharf erscheinen.<\/p>\t\t\t\t\t\t\t\t<\/div>\n\t\t\t\t<\/div>\n\t\t\t\t<\/div>\n\t\t\t\t\t<\/div>\n\t\t\t\t<\/div>\n\t\t\t\t<\/div>\n\t\t","protected":false},"excerpt":{"rendered":"<p>Hinter Nordic Backdrop stecken viele Jahre Erfahrung aus den Bereichen Design, Fotografie und Druck. Nordic Background entstand, als drei Freunde und Gesch\u00e4ftspartner in jeder ihrer Branchen einen Ort brauchten,wo Sie Backdrops und Fotohintergr\u00fcnde kaufen k\u00f6nnen. Ein Ort, der Nachhaltigkeit, Recycling und Qualit\u00e4t betont. Ihre langj\u00e4hrige Erfahrung in ihren jeweiligen Branchen hat die Arbeit von der [&hellip;]<\/p>\n","protected":false},"author":1,"featured_media":5787,"parent":0,"menu_order":0,"comment_status":"closed","ping_status":"closed","template":"elementor_header_footer","meta":{"footnotes":""},"class_list":["post-6403","page","type-page","status-publish","has-post-thumbnail","hentry"],"_links":{"self":[{"href":"https:\/\/nordicbackdrop.com\/de\/wp-json\/wp\/v2\/pages\/6403","targetHints":{"allow":["GET"]}}],"collection":[{"href":"https:\/\/nordicbackdrop.com\/de\/wp-json\/wp\/v2\/pages"}],"about":[{"href":"https:\/\/nordicbackdrop.com\/de\/wp-json\/wp\/v2\/types\/page"}],"author":[{"embeddable":true,"href":"https:\/\/nordicbackdrop.com\/de\/wp-json\/wp\/v2\/users\/1"}],"replies":[{"embeddable":true,"href":"https:\/\/nordicbackdrop.com\/de\/wp-json\/wp\/v2\/comments?post=6403"}],"version-history":[{"count":4,"href":"https:\/\/nordicbackdrop.com\/de\/wp-json\/wp\/v2\/pages\/6403\/revisions"}],"predecessor-version":[{"id":9126,"href":"https:\/\/nordicbackdrop.com\/de\/wp-json\/wp\/v2\/pages\/6403\/revisions\/9126"}],"wp:featuredmedia":[{"embeddable":true,"href":"https:\/\/nordicbackdrop.com\/de\/wp-json\/wp\/v2\/media\/5787"}],"wp:attachment":[{"href":"https:\/\/nordicbackdrop.com\/de\/wp-json\/wp\/v2\/media?parent=6403"}],"curies":[{"name":"wp","href":"https:\/\/api.w.org\/{rel}","templated":true}]}}