{"id":6394,"date":"2023-06-28T13:58:31","date_gmt":"2023-06-28T13:58:31","guid":{"rendered":"https:\/\/nordicbackdrop.weboglinjer.dk\/kontakt\/"},"modified":"2024-01-25T15:14:41","modified_gmt":"2024-01-25T15:14:41","slug":"kontakt","status":"publish","type":"page","link":"https:\/\/nordicbackdrop.com\/de\/kontakt\/","title":{"rendered":"Kontakt"},"content":{"rendered":"\t\t<div data-elementor-type=\"wp-page\" data-elementor-id=\"6394\" class=\"elementor elementor-6394 elementor-6055\" data-elementor-post-type=\"page\">\n\t\t\t\t<div class=\"elementor-element elementor-element-7d8d53c e-flex e-con-boxed e-con e-parent\" data-id=\"7d8d53c\" data-element_type=\"container\">\n\t\t\t\t\t<div class=\"e-con-inner\">\n\t\t\t\t<div class=\"elementor-element elementor-element-9e3a56d elementor-widget__width-initial elementor-widget elementor-widget-heading\" data-id=\"9e3a56d\" data-element_type=\"widget\" data-widget_type=\"heading.default\">\n\t\t\t\t<div class=\"elementor-widget-container\">\n\t\t\t\t\t<h1 class=\"elementor-heading-title elementor-size-default\">Wir m\u00f6chten, dass es eine N\u00e4he im Kontakt mit unseren Kunden gibt.\n<\/h1>\t\t\t\t<\/div>\n\t\t\t\t<\/div>\n\t\t\t\t<div class=\"elementor-element elementor-element-bd2a017 elementor-widget__width-initial elementor-widget elementor-widget-text-editor\" data-id=\"bd2a017\" data-element_type=\"widget\" data-widget_type=\"text-editor.default\">\n\t\t\t\t<div class=\"elementor-widget-container\">\n\t\t\t\t\t\t\t\t\t<p>Es sollte einfach sein, mit uns in Kontakt zu treten.<br \/>Wenn Sie Kontakt mit Nordic Backdrop aufnehmen, werden Camilla &amp; Line am anderen Ende sein. Wir helfen Ihnen gerne dabei, Antworten auf Ihre Fragen zu geben und das richtige Nordic Backdrop f\u00fcr Ihre Bed\u00fcrfnisse zu finden.<\/p>\n<p>Wir legen gro\u00dfen Wert auf Service und werden so schnell wie m\u00f6glich antworten.<\/p>\n<p>Sie k\u00f6nnen uns an Werktagen zwischen 10 und 13 Uhr telefonisch unter +45 8844 2214 erreichen.<\/p>\n\t\t\t\t\t\t\t\t<\/div>\n\t\t\t\t<\/div>\n\t\t\t\t<div class=\"elementor-element elementor-element-e617c25 elementor-widget__width-initial elementor-widget elementor-widget-heading\" data-id=\"e617c25\" data-element_type=\"widget\" data-widget_type=\"heading.default\">\n\t\t\t\t<div class=\"elementor-widget-container\">\n\t\t\t\t\t<h1 class=\"elementor-heading-title elementor-size-default\">Aber der beste Weg, mit uns in Kontakt zu treten, ist per E-Mail:<\/h1>\t\t\t\t<\/div>\n\t\t\t\t<\/div>\n\t\t\t\t<div class=\"elementor-element elementor-element-a0a40f6 elementor-widget__width-initial elementor-widget elementor-widget-text-editor\" data-id=\"a0a40f6\" data-element_type=\"widget\" data-widget_type=\"text-editor.default\">\n\t\t\t\t<div class=\"elementor-widget-container\">\n\t\t\t\t\t\t\t\t\t<p><a href=\"mailto:support@nordicbackdrop.com\">support@nordicbackdrop.com<\/a>.<br \/>Wenn Sie sich am sichersten f\u00fchlen, indem Sie mit uns sprechen, k\u00f6nnen Sie uns jederzeit darum bitten, Sie zur\u00fcckzurufen.<\/p>\n\t\t\t\t\t\t\t\t<\/div>\n\t\t\t\t<\/div>\n\t\t\t\t\t<\/div>\n\t\t\t\t<\/div>\n\t\t<div class=\"elementor-element elementor-element-247cc5d e-flex e-con-boxed e-con e-parent\" data-id=\"247cc5d\" data-element_type=\"container\">\n\t\t\t\t\t<div class=\"e-con-inner\">\n\t\t<div class=\"elementor-element elementor-element-16fb5fb e-con-full e-flex e-con e-child\" data-id=\"16fb5fb\" data-element_type=\"container\">\n\t\t\t\t<div class=\"elementor-element elementor-element-4b1dca7 elementor-widget elementor-widget-image\" data-id=\"4b1dca7\" data-element_type=\"widget\" data-widget_type=\"image.default\">\n\t\t\t\t<div class=\"elementor-widget-container\">\n\t\t\t\t\t\t\t\t\t\t\t\t\t\t\t<img decoding=\"async\" width=\"800\" height=\"809\" src=\"https:\/\/nordicbackdrop.com\/wp-content\/uploads\/2023\/06\/Camilla.png\" class=\"attachment-large size-large wp-image-6062\" alt=\"Kontakt Nordic Backdrop - Vi hj\u00e6lper dig gerne\" srcset=\"https:\/\/nordicbackdrop.com\/wp-content\/uploads\/2023\/06\/Camilla.png 900w, https:\/\/nordicbackdrop.com\/wp-content\/uploads\/2023\/06\/Camilla-400x404.png 400w, https:\/\/nordicbackdrop.com\/wp-content\/uploads\/2023\/06\/Camilla-100x101.png 100w, https:\/\/nordicbackdrop.com\/wp-content\/uploads\/2023\/06\/Camilla-297x300.png 297w, https:\/\/nordicbackdrop.com\/wp-content\/uploads\/2023\/06\/Camilla-768x777.png 768w\" sizes=\"(max-width: 800px) 100vw, 800px\" \/>\t\t\t\t\t\t\t\t\t\t\t\t\t\t\t<\/div>\n\t\t\t\t<\/div>\n\t\t\t\t<div class=\"elementor-element elementor-element-41aeee0 elementor-widget elementor-widget-text-editor\" data-id=\"41aeee0\" data-element_type=\"widget\" data-widget_type=\"text-editor.default\">\n\t\t\t\t<div class=\"elementor-widget-container\">\n\t\t\t\t\t\t\t\t\t<p><strong>Camilla Hjortborg<\/strong><br \/>Grafische Gestaltung<\/p>\n\t\t\t\t\t\t\t\t<\/div>\n\t\t\t\t<\/div>\n\t\t\t\t<\/div>\n\t\t<div class=\"elementor-element elementor-element-c0567e0 e-con-full e-flex e-con e-child\" data-id=\"c0567e0\" data-element_type=\"container\">\n\t\t\t\t<div class=\"elementor-element elementor-element-a7d17d2 elementor-widget elementor-widget-image\" data-id=\"a7d17d2\" data-element_type=\"widget\" data-widget_type=\"image.default\">\n\t\t\t\t<div class=\"elementor-widget-container\">\n\t\t\t\t\t\t\t\t\t\t\t\t\t\t\t<img decoding=\"async\" width=\"800\" height=\"809\" src=\"https:\/\/nordicbackdrop.com\/wp-content\/uploads\/2023\/06\/Line.png\" class=\"attachment-large size-large wp-image-6065\" alt=\"Kontakt Nordic Backdrop - Vi hj\u00e6lper dig gerne\" srcset=\"https:\/\/nordicbackdrop.com\/wp-content\/uploads\/2023\/06\/Line.png 900w, https:\/\/nordicbackdrop.com\/wp-content\/uploads\/2023\/06\/Line-400x404.png 400w, https:\/\/nordicbackdrop.com\/wp-content\/uploads\/2023\/06\/Line-100x101.png 100w, https:\/\/nordicbackdrop.com\/wp-content\/uploads\/2023\/06\/Line-297x300.png 297w, https:\/\/nordicbackdrop.com\/wp-content\/uploads\/2023\/06\/Line-768x777.png 768w\" sizes=\"(max-width: 800px) 100vw, 800px\" \/>\t\t\t\t\t\t\t\t\t\t\t\t\t\t\t<\/div>\n\t\t\t\t<\/div>\n\t\t\t\t<div class=\"elementor-element elementor-element-34133f8 elementor-widget elementor-widget-text-editor\" data-id=\"34133f8\" data-element_type=\"widget\" data-widget_type=\"text-editor.default\">\n\t\t\t\t<div class=\"elementor-widget-container\">\n\t\t\t\t\t\t\t\t\t<p><strong>Line Tausen<\/strong><br \/>Fotograf<\/p>\n\t\t\t\t\t\t\t\t<\/div>\n\t\t\t\t<\/div>\n\t\t\t\t<\/div>\n\t\t\t\t\t<\/div>\n\t\t\t\t<\/div>\n\t\t\t\t<\/div>\n\t\t","protected":false},"excerpt":{"rendered":"<p>Wir m\u00f6chten, dass es eine N\u00e4he im Kontakt mit unseren Kunden gibt. Es sollte einfach sein, mit uns in Kontakt zu treten.Wenn Sie Kontakt mit Nordic Backdrop aufnehmen, werden Camilla &amp; Line am anderen Ende sein. Wir helfen Ihnen gerne dabei, Antworten auf Ihre Fragen zu geben und das richtige Nordic Backdrop f\u00fcr Ihre Bed\u00fcrfnisse [&hellip;]<\/p>\n","protected":false},"author":1,"featured_media":6062,"parent":0,"menu_order":0,"comment_status":"closed","ping_status":"closed","template":"elementor_header_footer","meta":{"footnotes":""},"class_list":["post-6394","page","type-page","status-publish","has-post-thumbnail","hentry"],"_links":{"self":[{"href":"https:\/\/nordicbackdrop.com\/de\/wp-json\/wp\/v2\/pages\/6394","targetHints":{"allow":["GET"]}}],"collection":[{"href":"https:\/\/nordicbackdrop.com\/de\/wp-json\/wp\/v2\/pages"}],"about":[{"href":"https:\/\/nordicbackdrop.com\/de\/wp-json\/wp\/v2\/types\/page"}],"author":[{"embeddable":true,"href":"https:\/\/nordicbackdrop.com\/de\/wp-json\/wp\/v2\/users\/1"}],"replies":[{"embeddable":true,"href":"https:\/\/nordicbackdrop.com\/de\/wp-json\/wp\/v2\/comments?post=6394"}],"version-history":[{"count":0,"href":"https:\/\/nordicbackdrop.com\/de\/wp-json\/wp\/v2\/pages\/6394\/revisions"}],"wp:featuredmedia":[{"embeddable":true,"href":"https:\/\/nordicbackdrop.com\/de\/wp-json\/wp\/v2\/media\/6062"}],"wp:attachment":[{"href":"https:\/\/nordicbackdrop.com\/de\/wp-json\/wp\/v2\/media?parent=6394"}],"curies":[{"name":"wp","href":"https:\/\/api.w.org\/{rel}","templated":true}]}}